{"id":7107,"date":"2021-01-21T09:48:39","date_gmt":"2021-01-21T09:48:39","guid":{"rendered":"https:\/\/onivo.ma\/impression-grand-format\/"},"modified":"2025-11-18T07:41:18","modified_gmt":"2025-11-18T07:41:18","slug":"impression-grand-format","status":"publish","type":"page","link":"https:\/\/onivo.ma\/fr\/impression-grand-format\/","title":{"rendered":"Impression grand format"},"content":{"rendered":"\t\t<div data-elementor-type=\"wp-page\" data-elementor-id=\"7107\" class=\"elementor elementor-7107 elementor-1568\" data-elementor-post-type=\"page\">\n\t\t\t\t\t\t<section class=\"elementor-section elementor-top-section elementor-element elementor-element-c9baf22 elementor-section-boxed elementor-section-height-default elementor-section-height-default\" data-id=\"c9baf22\" data-element_type=\"section\" data-e-type=\"section\">\n\t\t\t\t\t\t<div class=\"elementor-container elementor-column-gap-default\">\n\t\t\t\t\t<div class=\"elementor-column elementor-col-50 elementor-top-column elementor-element elementor-element-7ddc5f0\" data-id=\"7ddc5f0\" data-element_type=\"column\" data-e-type=\"column\">\n\t\t\t<div class=\"elementor-widget-wrap elementor-element-populated\">\n\t\t\t\t\t\t<div class=\"elementor-element elementor-element-48e5e0f elementor-widget elementor-widget-image\" data-id=\"48e5e0f\" data-element_type=\"widget\" data-e-type=\"widget\" data-widget_type=\"image.default\">\n\t\t\t\t\t\t\t\t\t\t\t\t\t\t\t<img fetchpriority=\"high\" decoding=\"async\" width=\"525\" height=\"532\" src=\"https:\/\/onivo.ma\/wp-content\/uploads\/2025\/09\/Large-print.png\" class=\"attachment-large size-large wp-image-7064\" alt=\"Impression grand format\" srcset=\"https:\/\/onivo.ma\/wp-content\/uploads\/2025\/09\/Large-print.png 686w, https:\/\/onivo.ma\/wp-content\/uploads\/2025\/09\/Large-print-296x300.png 296w, https:\/\/onivo.ma\/wp-content\/uploads\/2025\/09\/Large-print-80x80.png 80w\" sizes=\"(max-width: 525px) 100vw, 525px\" \/>\t\t\t\t\t\t\t\t\t\t\t\t\t\t\t<\/div>\n\t\t\t\t\t<\/div>\n\t\t<\/div>\n\t\t\t\t<div class=\"elementor-column elementor-col-50 elementor-top-column elementor-element elementor-element-8e296d6\" data-id=\"8e296d6\" data-element_type=\"column\" data-e-type=\"column\">\n\t\t\t<div class=\"elementor-widget-wrap elementor-element-populated\">\n\t\t\t\t\t\t<div class=\"elementor-element elementor-element-4f6a790 elementor-widget elementor-widget-heading\" data-id=\"4f6a790\" data-element_type=\"widget\" data-e-type=\"widget\" data-widget_type=\"heading.default\">\n\t\t\t\t\t<h4 class=\"elementor-heading-title elementor-size-default\">About Onivo<\/h4>\t\t\t\t<\/div>\n\t\t\t\t<div class=\"elementor-element elementor-element-3d5851f elementor-widget elementor-widget-heading\" data-id=\"3d5851f\" data-element_type=\"widget\" data-e-type=\"widget\" data-widget_type=\"heading.default\">\n\t\t\t\t\t<h3 class=\"elementor-heading-title elementor-size-default\">Impression grand format<\/h3>\t\t\t\t<\/div>\n\t\t\t\t<div class=\"elementor-element elementor-element-ccc5db7 elementor-widget elementor-widget-text-editor\" data-id=\"ccc5db7\" data-element_type=\"widget\" data-e-type=\"widget\" data-widget_type=\"text-editor.default\">\n\t\t\t\t\t\t\t\t\t<p>Lorsque vous souhaitez faire forte impression, l\u2019impression grand format est la solution id\u00e9ale. Cette m\u00e9thode offre des couleurs \u00e9clatantes et des d\u00e9tails nets sur tous types de visuels de grande taille. Roll-ups, panneaux d\u2019affichage, photocalls, banni\u00e8res, posters, fonds de sc\u00e8ne pour \u00e9v\u00e9nements, covering v\u00e9hicules, stickers automobiles ou encore enseignes grand format \u2014 nos impressions sont con\u00e7ues pour se d\u00e9marquer.<br>Que vous cherchiez \u00e0 promouvoir votre marque sur la route, \u00e0 afficher votre identit\u00e9 avec une signal\u00e9tique impactante, ou \u00e0 cr\u00e9er des visuels accrocheurs en int\u00e9rieur comme en ext\u00e9rieur, ONIVO r\u00e9alise des impressions grand format qui attirent tous les regards.   <\/p>\t\t\t\t\t\t\t\t<\/div>\n\t\t\t\t\t<\/div>\n\t\t<\/div>\n\t\t\t\t\t<\/div>\n\t\t<\/section>\n\t\t<div class=\"elementor-element elementor-element-88dc3c1 e-flex e-con-boxed e-con e-parent\" data-id=\"88dc3c1\" data-element_type=\"container\" data-e-type=\"container\">\n\t\t\t\t\t<div class=\"e-con-inner\">\n\t\t\t\t<div class=\"elementor-element elementor-element-9661b92 elementor-widget elementor-widget-image-gallery\" data-id=\"9661b92\" data-element_type=\"widget\" data-e-type=\"widget\" data-widget_type=\"image-gallery.default\">\n\t\t\t\t\t\t\t<div class=\"elementor-image-gallery\">\n\t\t\t<div id='gallery-1' class='gallery galleryid-7107 gallery-columns-4 gallery-size-medium_large'><figure class='gallery-item'>\n\t\t\t<div class='gallery-icon landscape'>\n\t\t\t\t<a data-elementor-open-lightbox=\"yes\" data-elementor-lightbox-slideshow=\"9661b92\" data-elementor-lightbox-title=\"Stand\" data-elementor-lightbox-description=\"Stand\" data-e-action-hash=\"#elementor-action%3Aaction%3Dlightbox%26settings%3DeyJpZCI6NzA2NSwidXJsIjoiaHR0cHM6XC9cL29uaXZvLm1hXC93cC1jb250ZW50XC91cGxvYWRzXC8yMDI1XC8wOVwvU3RhbmQtMS5wbmciLCJzbGlkZXNob3ciOiI5NjYxYjkyIn0%3D\" href='https:\/\/onivo.ma\/wp-content\/uploads\/2025\/09\/Stand-1.png'><img decoding=\"async\" width=\"525\" height=\"306\" src=\"https:\/\/onivo.ma\/wp-content\/uploads\/2025\/09\/Stand-1-768x447.png\" class=\"attachment-medium_large size-medium_large\" alt=\"Stand\" aria-describedby=\"gallery-1-7065\" srcset=\"https:\/\/onivo.ma\/wp-content\/uploads\/2025\/09\/Stand-1-768x447.png 768w, https:\/\/onivo.ma\/wp-content\/uploads\/2025\/09\/Stand-1-300x175.png 300w, https:\/\/onivo.ma\/wp-content\/uploads\/2025\/09\/Stand-1-1024x596.png 1024w, https:\/\/onivo.ma\/wp-content\/uploads\/2025\/09\/Stand-1.png 1376w\" sizes=\"(max-width: 525px) 100vw, 525px\" \/><\/a>\n\t\t\t<\/div>\n\t\t\t\t<figcaption class='wp-caption-text gallery-caption' id='gallery-1-7065'>\n\t\t\t\tStand\n\t\t\t\t<\/figcaption><\/figure><figure class='gallery-item'>\n\t\t\t<div class='gallery-icon landscape'>\n\t\t\t\t<a data-elementor-open-lightbox=\"yes\" data-elementor-lightbox-slideshow=\"9661b92\" data-elementor-lightbox-title=\"Neon\" data-elementor-lightbox-description=\"Neon\" data-e-action-hash=\"#elementor-action%3Aaction%3Dlightbox%26settings%3DeyJpZCI6NzA2NiwidXJsIjoiaHR0cHM6XC9cL29uaXZvLm1hXC93cC1jb250ZW50XC91cGxvYWRzXC8yMDI1XC8wOVwvTmVvbi5wbmciLCJzbGlkZXNob3ciOiI5NjYxYjkyIn0%3D\" href='https:\/\/onivo.ma\/wp-content\/uploads\/2025\/09\/Neon.png'><img decoding=\"async\" width=\"525\" height=\"306\" src=\"https:\/\/onivo.ma\/wp-content\/uploads\/2025\/09\/Neon-768x447.png\" class=\"attachment-medium_large size-medium_large\" alt=\"Neon\" aria-describedby=\"gallery-1-7066\" srcset=\"https:\/\/onivo.ma\/wp-content\/uploads\/2025\/09\/Neon-768x447.png 768w, https:\/\/onivo.ma\/wp-content\/uploads\/2025\/09\/Neon-300x175.png 300w, https:\/\/onivo.ma\/wp-content\/uploads\/2025\/09\/Neon-1024x596.png 1024w, https:\/\/onivo.ma\/wp-content\/uploads\/2025\/09\/Neon.png 1376w\" sizes=\"(max-width: 525px) 100vw, 525px\" \/><\/a>\n\t\t\t<\/div>\n\t\t\t\t<figcaption class='wp-caption-text gallery-caption' id='gallery-1-7066'>\n\t\t\t\tNeon\n\t\t\t\t<\/figcaption><\/figure><figure class='gallery-item'>\n\t\t\t<div class='gallery-icon landscape'>\n\t\t\t\t<a data-elementor-open-lightbox=\"yes\" data-elementor-lightbox-slideshow=\"9661b92\" data-elementor-lightbox-title=\"Panneau d&#039;affichage\" data-elementor-lightbox-description=\"Neon\" data-e-action-hash=\"#elementor-action%3Aaction%3Dlightbox%26settings%3DeyJpZCI6NzA2NywidXJsIjoiaHR0cHM6XC9cL29uaXZvLm1hXC93cC1jb250ZW50XC91cGxvYWRzXC8yMDI1XC8wOVwvQmlsbGJvYXJkLTEucG5nIiwic2xpZGVzaG93IjoiOTY2MWI5MiJ9\" href='https:\/\/onivo.ma\/wp-content\/uploads\/2025\/09\/Billboard-1.png'><img loading=\"lazy\" decoding=\"async\" width=\"525\" height=\"306\" src=\"https:\/\/onivo.ma\/wp-content\/uploads\/2025\/09\/Billboard-1.png\" class=\"attachment-medium_large size-medium_large\" alt=\"\" aria-describedby=\"gallery-1-7067\" srcset=\"https:\/\/onivo.ma\/wp-content\/uploads\/2025\/09\/Billboard-1.png 766w, https:\/\/onivo.ma\/wp-content\/uploads\/2025\/09\/Billboard-1-300x175.png 300w\" sizes=\"(max-width: 525px) 100vw, 525px\" \/><\/a>\n\t\t\t<\/div>\n\t\t\t\t<figcaption class='wp-caption-text gallery-caption' id='gallery-1-7067'>\n\t\t\t\tPaneau d&rsquo;afficage\n\t\t\t\t<\/figcaption><\/figure><figure class='gallery-item'>\n\t\t\t<div class='gallery-icon landscape'>\n\t\t\t\t<a data-elementor-open-lightbox=\"yes\" data-elementor-lightbox-slideshow=\"9661b92\" data-elementor-lightbox-title=\"Palissade\" data-elementor-lightbox-description=\"Neon\" data-e-action-hash=\"#elementor-action%3Aaction%3Dlightbox%26settings%3DeyJpZCI6NzA2OCwidXJsIjoiaHR0cHM6XC9cL29uaXZvLm1hXC93cC1jb250ZW50XC91cGxvYWRzXC8yMDI1XC8wOVwvUGFsaXNhZGUtMS5wbmciLCJzbGlkZXNob3ciOiI5NjYxYjkyIn0%3D\" href='https:\/\/onivo.ma\/wp-content\/uploads\/2025\/09\/Palisade-1.png'><img loading=\"lazy\" decoding=\"async\" width=\"525\" height=\"306\" src=\"https:\/\/onivo.ma\/wp-content\/uploads\/2025\/09\/Palisade-1.png\" class=\"attachment-medium_large size-medium_large\" alt=\"\" aria-describedby=\"gallery-1-7068\" srcset=\"https:\/\/onivo.ma\/wp-content\/uploads\/2025\/09\/Palisade-1.png 765w, https:\/\/onivo.ma\/wp-content\/uploads\/2025\/09\/Palisade-1-300x175.png 300w\" sizes=\"(max-width: 525px) 100vw, 525px\" \/><\/a>\n\t\t\t<\/div>\n\t\t\t\t<figcaption class='wp-caption-text gallery-caption' id='gallery-1-7068'>\n\t\t\t\tPalissade\n\t\t\t\t<\/figcaption><\/figure><figure class='gallery-item'>\n\t\t\t<div class='gallery-icon landscape'>\n\t\t\t\t<a data-elementor-open-lightbox=\"yes\" data-elementor-lightbox-slideshow=\"9661b92\" data-elementor-lightbox-title=\"X Banner\" data-elementor-lightbox-description=\"Neon\" data-e-action-hash=\"#elementor-action%3Aaction%3Dlightbox%26settings%3DeyJpZCI6NzA2OSwidXJsIjoiaHR0cHM6XC9cL29uaXZvLm1hXC93cC1jb250ZW50XC91cGxvYWRzXC8yMDI1XC8wOVwvWC1CYW5uZXIucG5nIiwic2xpZGVzaG93IjoiOTY2MWI5MiJ9\" href='https:\/\/onivo.ma\/wp-content\/uploads\/2025\/09\/X-Banner.png'><img loading=\"lazy\" decoding=\"async\" width=\"525\" height=\"306\" src=\"https:\/\/onivo.ma\/wp-content\/uploads\/2025\/09\/X-Banner-768x447.png\" class=\"attachment-medium_large size-medium_large\" alt=\"\" aria-describedby=\"gallery-1-7069\" srcset=\"https:\/\/onivo.ma\/wp-content\/uploads\/2025\/09\/X-Banner-768x447.png 768w, https:\/\/onivo.ma\/wp-content\/uploads\/2025\/09\/X-Banner-300x175.png 300w, https:\/\/onivo.ma\/wp-content\/uploads\/2025\/09\/X-Banner-1024x596.png 1024w, https:\/\/onivo.ma\/wp-content\/uploads\/2025\/09\/X-Banner.png 1376w\" sizes=\"(max-width: 525px) 100vw, 525px\" \/><\/a>\n\t\t\t<\/div>\n\t\t\t\t<figcaption class='wp-caption-text gallery-caption' id='gallery-1-7069'>\n\t\t\t\tX banner\n\t\t\t\t<\/figcaption><\/figure><figure class='gallery-item'>\n\t\t\t<div class='gallery-icon landscape'>\n\t\t\t\t<a data-elementor-open-lightbox=\"yes\" data-elementor-lightbox-slideshow=\"9661b92\" data-elementor-lightbox-title=\"Habillage de voiture\" data-elementor-lightbox-description=\"Neon\" data-e-action-hash=\"#elementor-action%3Aaction%3Dlightbox%26settings%3DeyJpZCI6NzA3MCwidXJsIjoiaHR0cHM6XC9cL29uaXZvLm1hXC93cC1jb250ZW50XC91cGxvYWRzXC8yMDI1XC8wOVwvQ2FyLXdyYXAucG5nIiwic2xpZGVzaG93IjoiOTY2MWI5MiJ9\" href='https:\/\/onivo.ma\/wp-content\/uploads\/2025\/09\/Car-wrap.png'><img loading=\"lazy\" decoding=\"async\" width=\"525\" height=\"306\" src=\"https:\/\/onivo.ma\/wp-content\/uploads\/2025\/09\/Car-wrap-768x447.png\" class=\"attachment-medium_large size-medium_large\" alt=\"\" aria-describedby=\"gallery-1-7070\" srcset=\"https:\/\/onivo.ma\/wp-content\/uploads\/2025\/09\/Car-wrap-768x447.png 768w, https:\/\/onivo.ma\/wp-content\/uploads\/2025\/09\/Car-wrap-300x175.png 300w, https:\/\/onivo.ma\/wp-content\/uploads\/2025\/09\/Car-wrap-1024x596.png 1024w, https:\/\/onivo.ma\/wp-content\/uploads\/2025\/09\/Car-wrap.png 1376w\" sizes=\"(max-width: 525px) 100vw, 525px\" \/><\/a>\n\t\t\t<\/div>\n\t\t\t\t<figcaption class='wp-caption-text gallery-caption' id='gallery-1-7070'>\n\t\t\t\tHabillage de voiture\n\t\t\t\t<\/figcaption><\/figure><figure class='gallery-item'>\n\t\t\t<div class='gallery-icon landscape'>\n\t\t\t\t<a data-elementor-open-lightbox=\"yes\" data-elementor-lightbox-slideshow=\"9661b92\" data-elementor-lightbox-title=\"Enseigne\" data-elementor-lightbox-description=\"Neon\" data-e-action-hash=\"#elementor-action%3Aaction%3Dlightbox%26settings%3DeyJpZCI6NzA3MSwidXJsIjoiaHR0cHM6XC9cL29uaXZvLm1hXC93cC1jb250ZW50XC91cGxvYWRzXC8yMDI1XC8wOVwvU3RvcmUtc2lnbi5wbmciLCJzbGlkZXNob3ciOiI5NjYxYjkyIn0%3D\" href='https:\/\/onivo.ma\/wp-content\/uploads\/2025\/09\/Store-sign.png'><img loading=\"lazy\" decoding=\"async\" width=\"525\" height=\"306\" src=\"https:\/\/onivo.ma\/wp-content\/uploads\/2025\/09\/Store-sign.png\" class=\"attachment-medium_large size-medium_large\" alt=\"\" aria-describedby=\"gallery-1-7071\" srcset=\"https:\/\/onivo.ma\/wp-content\/uploads\/2025\/09\/Store-sign.png 766w, https:\/\/onivo.ma\/wp-content\/uploads\/2025\/09\/Store-sign-300x175.png 300w\" sizes=\"(max-width: 525px) 100vw, 525px\" \/><\/a>\n\t\t\t<\/div>\n\t\t\t\t<figcaption class='wp-caption-text gallery-caption' id='gallery-1-7071'>\n\t\t\t\tEnseigne\n\t\t\t\t<\/figcaption><\/figure><figure class='gallery-item'>\n\t\t\t<div class='gallery-icon landscape'>\n\t\t\t\t<a data-elementor-open-lightbox=\"yes\" data-elementor-lightbox-slideshow=\"9661b92\" data-elementor-lightbox-title=\"Roll up\" data-elementor-lightbox-description=\"Roll up\" data-e-action-hash=\"#elementor-action%3Aaction%3Dlightbox%26settings%3DeyJpZCI6NzA3MiwidXJsIjoiaHR0cHM6XC9cL29uaXZvLm1hXC93cC1jb250ZW50XC91cGxvYWRzXC8yMDI1XC8wOVwvUm9sbC11cC5wbmciLCJzbGlkZXNob3ciOiI5NjYxYjkyIn0%3D\" href='https:\/\/onivo.ma\/wp-content\/uploads\/2025\/09\/Roll-up.png'><img loading=\"lazy\" decoding=\"async\" width=\"525\" height=\"306\" src=\"https:\/\/onivo.ma\/wp-content\/uploads\/2025\/09\/Roll-up-768x447.png\" class=\"attachment-medium_large size-medium_large\" alt=\"Roll up\" aria-describedby=\"gallery-1-7072\" srcset=\"https:\/\/onivo.ma\/wp-content\/uploads\/2025\/09\/Roll-up-768x447.png 768w, https:\/\/onivo.ma\/wp-content\/uploads\/2025\/09\/Roll-up-300x175.png 300w, https:\/\/onivo.ma\/wp-content\/uploads\/2025\/09\/Roll-up-1024x596.png 1024w, https:\/\/onivo.ma\/wp-content\/uploads\/2025\/09\/Roll-up.png 1376w\" sizes=\"(max-width: 525px) 100vw, 525px\" \/><\/a>\n\t\t\t<\/div>\n\t\t\t\t<figcaption class='wp-caption-text gallery-caption' id='gallery-1-7072'>\n\t\t\t\tRoll up\n\t\t\t\t<\/figcaption><\/figure><figure class='gallery-item'>\n\t\t\t<div class='gallery-icon landscape'>\n\t\t\t\t<a data-elementor-open-lightbox=\"yes\" data-elementor-lightbox-slideshow=\"9661b92\" data-elementor-lightbox-title=\"Photocall et desk\" data-elementor-lightbox-description=\"Photocall et desk\" data-e-action-hash=\"#elementor-action%3Aaction%3Dlightbox%26settings%3DeyJpZCI6NzA3MywidXJsIjoiaHR0cHM6XC9cL29uaXZvLm1hXC93cC1jb250ZW50XC91cGxvYWRzXC8yMDI1XC8wOVwvUGhvdG9jYWxsLWFuZC1kZXNrLXNjYWxlZC5qcGciLCJzbGlkZXNob3ciOiI5NjYxYjkyIn0%3D\" href='https:\/\/onivo.ma\/wp-content\/uploads\/2025\/09\/Photocall-and-desk-scaled.jpg'><img loading=\"lazy\" decoding=\"async\" width=\"525\" height=\"317\" src=\"https:\/\/onivo.ma\/wp-content\/uploads\/2025\/09\/Photocall-and-desk-768x464.jpg\" class=\"attachment-medium_large size-medium_large\" alt=\"Photocall et desk\" aria-describedby=\"gallery-1-7073\" srcset=\"https:\/\/onivo.ma\/wp-content\/uploads\/2025\/09\/Photocall-and-desk-768x464.jpg 768w, https:\/\/onivo.ma\/wp-content\/uploads\/2025\/09\/Photocall-and-desk-300x181.jpg 300w, https:\/\/onivo.ma\/wp-content\/uploads\/2025\/09\/Photocall-and-desk-1024x618.jpg 1024w, https:\/\/onivo.ma\/wp-content\/uploads\/2025\/09\/Photocall-and-desk-1536x928.jpg 1536w, https:\/\/onivo.ma\/wp-content\/uploads\/2025\/09\/Photocall-and-desk-2048x1237.jpg 2048w\" sizes=\"(max-width: 525px) 100vw, 525px\" \/><\/a>\n\t\t\t<\/div>\n\t\t\t\t<figcaption class='wp-caption-text gallery-caption' id='gallery-1-7073'>\n\t\t\t\tPhotocall et desk\n\t\t\t\t<\/figcaption><\/figure><figure class='gallery-item'>\n\t\t\t<div class='gallery-icon landscape'>\n\t\t\t\t<a data-elementor-open-lightbox=\"yes\" data-elementor-lightbox-slideshow=\"9661b92\" data-elementor-lightbox-title=\"Kakemono\" data-elementor-lightbox-description=\"Kakemono\" data-e-action-hash=\"#elementor-action%3Aaction%3Dlightbox%26settings%3DeyJpZCI6NzA3NCwidXJsIjoiaHR0cHM6XC9cL29uaXZvLm1hXC93cC1jb250ZW50XC91cGxvYWRzXC8yMDI1XC8wOVwvS2FrZW1vbm8ucG5nIiwic2xpZGVzaG93IjoiOTY2MWI5MiJ9\" href='https:\/\/onivo.ma\/wp-content\/uploads\/2025\/09\/Kakemono.png'><img loading=\"lazy\" decoding=\"async\" width=\"525\" height=\"306\" src=\"https:\/\/onivo.ma\/wp-content\/uploads\/2025\/09\/Kakemono-768x447.png\" class=\"attachment-medium_large size-medium_large\" alt=\"Kakemono\" aria-describedby=\"gallery-1-7074\" srcset=\"https:\/\/onivo.ma\/wp-content\/uploads\/2025\/09\/Kakemono-768x447.png 768w, https:\/\/onivo.ma\/wp-content\/uploads\/2025\/09\/Kakemono-300x175.png 300w, https:\/\/onivo.ma\/wp-content\/uploads\/2025\/09\/Kakemono-1024x596.png 1024w, https:\/\/onivo.ma\/wp-content\/uploads\/2025\/09\/Kakemono.png 1376w\" sizes=\"(max-width: 525px) 100vw, 525px\" \/><\/a>\n\t\t\t<\/div>\n\t\t\t\t<figcaption class='wp-caption-text gallery-caption' id='gallery-1-7074'>\n\t\t\t\tKakemono\n\t\t\t\t<\/figcaption><\/figure><figure class='gallery-item'>\n\t\t\t<div class='gallery-icon landscape'>\n\t\t\t\t<a data-elementor-open-lightbox=\"yes\" data-elementor-lightbox-slideshow=\"9661b92\" data-elementor-lightbox-title=\"Flag\" data-elementor-lightbox-description=\"Flag\" data-e-action-hash=\"#elementor-action%3Aaction%3Dlightbox%26settings%3DeyJpZCI6NzA3NSwidXJsIjoiaHR0cHM6XC9cL29uaXZvLm1hXC93cC1jb250ZW50XC91cGxvYWRzXC8yMDI1XC8wOVwvRmxhZy5wbmciLCJzbGlkZXNob3ciOiI5NjYxYjkyIn0%3D\" href='https:\/\/onivo.ma\/wp-content\/uploads\/2025\/09\/Flag.png'><img loading=\"lazy\" decoding=\"async\" width=\"525\" height=\"306\" src=\"https:\/\/onivo.ma\/wp-content\/uploads\/2025\/09\/Flag-768x447.png\" class=\"attachment-medium_large size-medium_large\" alt=\"Flag\" aria-describedby=\"gallery-1-7075\" srcset=\"https:\/\/onivo.ma\/wp-content\/uploads\/2025\/09\/Flag-768x447.png 768w, https:\/\/onivo.ma\/wp-content\/uploads\/2025\/09\/Flag-300x175.png 300w, https:\/\/onivo.ma\/wp-content\/uploads\/2025\/09\/Flag-1024x596.png 1024w, https:\/\/onivo.ma\/wp-content\/uploads\/2025\/09\/Flag.png 1376w\" sizes=\"(max-width: 525px) 100vw, 525px\" \/><\/a>\n\t\t\t<\/div>\n\t\t\t\t<figcaption class='wp-caption-text gallery-caption' id='gallery-1-7075'>\n\t\t\t\tFlag\n\t\t\t\t<\/figcaption><\/figure><figure class='gallery-item'>\n\t\t\t<div class='gallery-icon landscape'>\n\t\t\t\t<a data-elementor-open-lightbox=\"yes\" data-elementor-lightbox-slideshow=\"9661b92\" data-elementor-lightbox-title=\"Autocollants\" data-elementor-lightbox-description=\"Flag\" data-e-action-hash=\"#elementor-action%3Aaction%3Dlightbox%26settings%3DeyJpZCI6NzA3NiwidXJsIjoiaHR0cHM6XC9cL29uaXZvLm1hXC93cC1jb250ZW50XC91cGxvYWRzXC8yMDI1XC8wOVwvU3RvcmUtc3RpY2tlcnMucG5nIiwic2xpZGVzaG93IjoiOTY2MWI5MiJ9\" href='https:\/\/onivo.ma\/wp-content\/uploads\/2025\/09\/Store-stickers.png'><img loading=\"lazy\" decoding=\"async\" width=\"525\" height=\"306\" src=\"https:\/\/onivo.ma\/wp-content\/uploads\/2025\/09\/Store-stickers.png\" class=\"attachment-medium_large size-medium_large\" alt=\"Autocollants\" aria-describedby=\"gallery-1-7076\" srcset=\"https:\/\/onivo.ma\/wp-content\/uploads\/2025\/09\/Store-stickers.png 766w, https:\/\/onivo.ma\/wp-content\/uploads\/2025\/09\/Store-stickers-300x175.png 300w\" sizes=\"(max-width: 525px) 100vw, 525px\" \/><\/a>\n\t\t\t<\/div>\n\t\t\t\t<figcaption class='wp-caption-text gallery-caption' id='gallery-1-7076'>\n\t\t\t\tAutocollants\n\t\t\t\t<\/figcaption><\/figure><figure class='gallery-item'>\n\t\t\t<div class='gallery-icon landscape'>\n\t\t\t\t<a data-elementor-open-lightbox=\"yes\" data-elementor-lightbox-slideshow=\"9661b92\" data-elementor-lightbox-title=\"Forex\" data-elementor-lightbox-description=\"Flag\" data-e-action-hash=\"#elementor-action%3Aaction%3Dlightbox%26settings%3DeyJpZCI6NzA3NywidXJsIjoiaHR0cHM6XC9cL29uaXZvLm1hXC93cC1jb250ZW50XC91cGxvYWRzXC8yMDI1XC8wOVwvRm9yZXgucG5nIiwic2xpZGVzaG93IjoiOTY2MWI5MiJ9\" href='https:\/\/onivo.ma\/wp-content\/uploads\/2025\/09\/Forex.png'><img loading=\"lazy\" decoding=\"async\" width=\"525\" height=\"306\" src=\"https:\/\/onivo.ma\/wp-content\/uploads\/2025\/09\/Forex-768x447.png\" class=\"attachment-medium_large size-medium_large\" alt=\"Forex\" aria-describedby=\"gallery-1-7077\" srcset=\"https:\/\/onivo.ma\/wp-content\/uploads\/2025\/09\/Forex-768x447.png 768w, https:\/\/onivo.ma\/wp-content\/uploads\/2025\/09\/Forex-300x175.png 300w, https:\/\/onivo.ma\/wp-content\/uploads\/2025\/09\/Forex-1024x596.png 1024w, https:\/\/onivo.ma\/wp-content\/uploads\/2025\/09\/Forex.png 1376w\" sizes=\"(max-width: 525px) 100vw, 525px\" \/><\/a>\n\t\t\t<\/div>\n\t\t\t\t<figcaption class='wp-caption-text gallery-caption' id='gallery-1-7077'>\n\t\t\t\tForex\n\t\t\t\t<\/figcaption><\/figure><figure class='gallery-item'>\n\t\t\t<div class='gallery-icon landscape'>\n\t\t\t\t<a data-elementor-open-lightbox=\"yes\" data-elementor-lightbox-slideshow=\"9661b92\" data-elementor-lightbox-title=\"Stop trottoir\" data-elementor-lightbox-description=\"Flag\" data-e-action-hash=\"#elementor-action%3Aaction%3Dlightbox%26settings%3DeyJpZCI6NzA3OCwidXJsIjoiaHR0cHM6XC9cL29uaXZvLm1hXC93cC1jb250ZW50XC91cGxvYWRzXC8yMDI1XC8wOVwvQS1GcmFtZS1zaWduLnBuZyIsInNsaWRlc2hvdyI6Ijk2NjFiOTIifQ%3D%3D\" href='https:\/\/onivo.ma\/wp-content\/uploads\/2025\/09\/A-Frame-sign.png'><img loading=\"lazy\" decoding=\"async\" width=\"525\" height=\"306\" src=\"https:\/\/onivo.ma\/wp-content\/uploads\/2025\/09\/A-Frame-sign.png\" class=\"attachment-medium_large size-medium_large\" alt=\"Stop trottoir\" aria-describedby=\"gallery-1-7078\" srcset=\"https:\/\/onivo.ma\/wp-content\/uploads\/2025\/09\/A-Frame-sign.png 766w, https:\/\/onivo.ma\/wp-content\/uploads\/2025\/09\/A-Frame-sign-300x175.png 300w\" sizes=\"(max-width: 525px) 100vw, 525px\" \/><\/a>\n\t\t\t<\/div>\n\t\t\t\t<figcaption class='wp-caption-text gallery-caption' id='gallery-1-7078'>\n\t\t\t\tStop trottoir\n\t\t\t\t<\/figcaption><\/figure><figure class='gallery-item'>\n\t\t\t<div class='gallery-icon landscape'>\n\t\t\t\t<a data-elementor-open-lightbox=\"yes\" data-elementor-lightbox-slideshow=\"9661b92\" data-elementor-lightbox-title=\"Cadre photobooth Instagram\" data-elementor-lightbox-description=\"Flag\" data-e-action-hash=\"#elementor-action%3Aaction%3Dlightbox%26settings%3DeyJpZCI6NzA3OSwidXJsIjoiaHR0cHM6XC9cL29uaXZvLm1hXC93cC1jb250ZW50XC91cGxvYWRzXC8yMDI1XC8wOVwvSW5zdGFncmFtLWZyYW1lLnBuZyIsInNsaWRlc2hvdyI6Ijk2NjFiOTIifQ%3D%3D\" href='https:\/\/onivo.ma\/wp-content\/uploads\/2025\/09\/Instagram-frame.png'><img loading=\"lazy\" decoding=\"async\" width=\"525\" height=\"306\" src=\"https:\/\/onivo.ma\/wp-content\/uploads\/2025\/09\/Instagram-frame-768x447.png\" class=\"attachment-medium_large size-medium_large\" alt=\"Cadre photobooth Instagram\" aria-describedby=\"gallery-1-7079\" srcset=\"https:\/\/onivo.ma\/wp-content\/uploads\/2025\/09\/Instagram-frame-768x447.png 768w, https:\/\/onivo.ma\/wp-content\/uploads\/2025\/09\/Instagram-frame-300x175.png 300w, https:\/\/onivo.ma\/wp-content\/uploads\/2025\/09\/Instagram-frame-1024x596.png 1024w, https:\/\/onivo.ma\/wp-content\/uploads\/2025\/09\/Instagram-frame.png 1376w\" sizes=\"(max-width: 525px) 100vw, 525px\" \/><\/a>\n\t\t\t<\/div>\n\t\t\t\t<figcaption class='wp-caption-text gallery-caption' id='gallery-1-7079'>\n\t\t\t\tCadre photobooth Instagram\n\t\t\t\t<\/figcaption><\/figure><figure class='gallery-item'>\n\t\t\t<div class='gallery-icon landscape'>\n\t\t\t\t<a data-elementor-open-lightbox=\"yes\" data-elementor-lightbox-slideshow=\"9661b92\" data-elementor-lightbox-title=\"Photocall\" data-elementor-lightbox-description=\"Flag\" data-e-action-hash=\"#elementor-action%3Aaction%3Dlightbox%26settings%3DeyJpZCI6NzA4MCwidXJsIjoiaHR0cHM6XC9cL29uaXZvLm1hXC93cC1jb250ZW50XC91cGxvYWRzXC8yMDI1XC8wOVwvQmFja2Ryb3AucG5nIiwic2xpZGVzaG93IjoiOTY2MWI5MiJ9\" href='https:\/\/onivo.ma\/wp-content\/uploads\/2025\/09\/Backdrop.png'><img loading=\"lazy\" decoding=\"async\" width=\"525\" height=\"304\" src=\"https:\/\/onivo.ma\/wp-content\/uploads\/2025\/09\/Backdrop-768x445.png\" class=\"attachment-medium_large size-medium_large\" alt=\"Photocall\" aria-describedby=\"gallery-1-7080\" srcset=\"https:\/\/onivo.ma\/wp-content\/uploads\/2025\/09\/Backdrop-768x445.png 768w, https:\/\/onivo.ma\/wp-content\/uploads\/2025\/09\/Backdrop-300x174.png 300w, https:\/\/onivo.ma\/wp-content\/uploads\/2025\/09\/Backdrop-1024x594.png 1024w, https:\/\/onivo.ma\/wp-content\/uploads\/2025\/09\/Backdrop.png 1382w\" sizes=\"(max-width: 525px) 100vw, 525px\" \/><\/a>\n\t\t\t<\/div>\n\t\t\t\t<figcaption class='wp-caption-text gallery-caption' id='gallery-1-7080'>\n\t\t\t\tPhotocall\n\t\t\t\t<\/figcaption><\/figure>\n\t\t<\/div>\n\t\t<\/div>\n\t\t\t\t\t\t<\/div>\n\t\t\t\t\t<\/div>\n\t\t\t\t<\/div>\n\t\t\t\t<\/div>\n\t\t","protected":false},"excerpt":{"rendered":"<p>About Onivo Impression grand format Lorsque vous souhaitez faire forte impression, l\u2019impression grand format est la solution id\u00e9ale. Cette m\u00e9thode offre des couleurs \u00e9clatantes et des d\u00e9tails nets sur tous types de visuels de grande taille. Roll-ups, panneaux d\u2019affichage, photocalls, banni\u00e8res, posters, fonds de sc\u00e8ne pour \u00e9v\u00e9nements, covering v\u00e9hicules, stickers automobiles ou encore enseignes grand [&hellip;]<\/p>\n","protected":false},"author":1,"featured_media":0,"parent":0,"menu_order":0,"comment_status":"closed","ping_status":"closed","template":"tpl-default-elementor.php","meta":{"footnotes":""},"class_list":["post-7107","page","type-page","status-publish","hentry"],"_links":{"self":[{"href":"https:\/\/onivo.ma\/fr\/wp-json\/wp\/v2\/pages\/7107","targetHints":{"allow":["GET"]}}],"collection":[{"href":"https:\/\/onivo.ma\/fr\/wp-json\/wp\/v2\/pages"}],"about":[{"href":"https:\/\/onivo.ma\/fr\/wp-json\/wp\/v2\/types\/page"}],"author":[{"embeddable":true,"href":"https:\/\/onivo.ma\/fr\/wp-json\/wp\/v2\/users\/1"}],"replies":[{"embeddable":true,"href":"https:\/\/onivo.ma\/fr\/wp-json\/wp\/v2\/comments?post=7107"}],"version-history":[{"count":0,"href":"https:\/\/onivo.ma\/fr\/wp-json\/wp\/v2\/pages\/7107\/revisions"}],"wp:attachment":[{"href":"https:\/\/onivo.ma\/fr\/wp-json\/wp\/v2\/media?parent=7107"}],"curies":[{"name":"wp","href":"https:\/\/api.w.org\/{rel}","templated":true}]}}