{"id":7099,"date":"2021-01-21T09:11:27","date_gmt":"2021-01-21T09:11:27","guid":{"rendered":"https:\/\/onivo.ma\/impression-numerique\/"},"modified":"2025-11-18T07:39:48","modified_gmt":"2025-11-18T07:39:48","slug":"impression-numerique","status":"publish","type":"page","link":"https:\/\/onivo.ma\/fr\/impression-numerique\/","title":{"rendered":"Impression num\u00e9rique"},"content":{"rendered":"\t\t<div data-elementor-type=\"wp-page\" data-elementor-id=\"7099\" class=\"elementor elementor-7099 elementor-1550\" data-elementor-post-type=\"page\">\n\t\t\t\t\t\t<section class=\"elementor-section elementor-top-section elementor-element elementor-element-4b9d9010 elementor-section-stretched elementor-section-boxed elementor-section-height-default elementor-section-height-default\" data-id=\"4b9d9010\" data-element_type=\"section\" data-e-type=\"section\" data-settings=\"{&quot;stretch_section&quot;:&quot;section-stretched&quot;,&quot;background_background&quot;:&quot;classic&quot;}\">\n\t\t\t\t\t\t<div class=\"elementor-container elementor-column-gap-no\">\n\t\t\t\t\t<div class=\"elementor-column elementor-col-50 elementor-top-column elementor-element elementor-element-3af96408\" data-id=\"3af96408\" data-element_type=\"column\" data-e-type=\"column\">\n\t\t\t<div class=\"elementor-widget-wrap elementor-element-populated\">\n\t\t\t\t\t\t<div class=\"elementor-element elementor-element-04e6898 elementor-widget elementor-widget-image\" data-id=\"04e6898\" data-element_type=\"widget\" data-e-type=\"widget\" data-widget_type=\"image.default\">\n\t\t\t\t\t\t\t\t\t\t\t\t\t\t\t<img fetchpriority=\"high\" decoding=\"async\" width=\"525\" height=\"525\" src=\"https:\/\/onivo.ma\/wp-content\/uploads\/2025\/08\/Digital-printing.png\" class=\"attachment-large size-large wp-image-6966\" alt=\"\" srcset=\"https:\/\/onivo.ma\/wp-content\/uploads\/2025\/08\/Digital-printing.png 1024w, https:\/\/onivo.ma\/wp-content\/uploads\/2025\/08\/Digital-printing-300x300.png 300w, https:\/\/onivo.ma\/wp-content\/uploads\/2025\/08\/Digital-printing-150x150.png 150w, https:\/\/onivo.ma\/wp-content\/uploads\/2025\/08\/Digital-printing-768x768.png 768w, https:\/\/onivo.ma\/wp-content\/uploads\/2025\/08\/Digital-printing-80x80.png 80w\" sizes=\"(max-width: 525px) 100vw, 525px\" \/>\t\t\t\t\t\t\t\t\t\t\t\t\t\t\t<\/div>\n\t\t\t\t\t<\/div>\n\t\t<\/div>\n\t\t\t\t<div class=\"elementor-column elementor-col-50 elementor-top-column elementor-element elementor-element-98aacdb\" data-id=\"98aacdb\" data-element_type=\"column\" data-e-type=\"column\" data-settings=\"{&quot;background_background&quot;:&quot;classic&quot;}\">\n\t\t\t<div class=\"elementor-widget-wrap elementor-element-populated\">\n\t\t\t\t\t\t<div class=\"elementor-element elementor-element-e8e6065 elementor-widget elementor-widget-heading\" data-id=\"e8e6065\" data-element_type=\"widget\" data-e-type=\"widget\" data-widget_type=\"heading.default\">\n\t\t\t\t\t<h3 class=\"elementor-heading-title elementor-size-default\">Large choix<\/h3>\t\t\t\t<\/div>\n\t\t\t\t<div class=\"elementor-element elementor-element-d37a64c elementor-widget elementor-widget-text-editor\" data-id=\"d37a64c\" data-element_type=\"widget\" data-e-type=\"widget\" data-widget_type=\"text-editor.default\">\n\t\t\t\t\t\t\t\t\t<p>L\u2019impression num\u00e9rique est une m\u00e9thode d\u2019impression rapide et polyvalente, offrant des r\u00e9sultats nets et professionnels sans n\u00e9cessiter une grande pr\u00e9paration. Gr\u00e2ce \u00e0 cette technique, nous imprimons une large gamme de produits personnalisables, notamment des cartes de visite, blocs-notes, chemises \u00e0 rabat, d\u00e9pliants, brochures, flyers, papiers \u00e0 en-t\u00eate, livres, magazines, sacs, enveloppes publicitaires, invitations, certificats, calendriers, pr\u00e9sentoirs en plexiglas A5 et A4 ainsi que des tickets. <\/p>\t\t\t\t\t\t\t\t<\/div>\n\t\t\t\t\t<\/div>\n\t\t<\/div>\n\t\t\t\t\t<\/div>\n\t\t<\/section>\n\t\t<div class=\"elementor-element elementor-element-04d036f e-flex e-con-boxed e-con e-parent\" data-id=\"04d036f\" data-element_type=\"container\" data-e-type=\"container\">\n\t\t\t\t\t<div class=\"e-con-inner\">\n\t\t\t\t<div class=\"elementor-element elementor-element-16a293c elementor-widget elementor-widget-image-gallery\" data-id=\"16a293c\" data-element_type=\"widget\" data-e-type=\"widget\" data-widget_type=\"image-gallery.default\">\n\t\t\t\t\t\t\t<div class=\"elementor-image-gallery\">\n\t\t\t<div id='gallery-1' class='gallery galleryid-7099 gallery-columns-4 gallery-size-large'><figure class='gallery-item'>\n\t\t\t<div class='gallery-icon landscape'>\n\t\t\t\t<a data-elementor-open-lightbox=\"yes\" data-elementor-lightbox-slideshow=\"16a293c\" data-elementor-lightbox-title=\"Carte de visites\" data-e-action-hash=\"#elementor-action%3Aaction%3Dlightbox%26settings%3DeyJpZCI6Njk2NywidXJsIjoiaHR0cHM6XC9cL29uaXZvLm1hXC93cC1jb250ZW50XC91cGxvYWRzXC8yMDI1XC8wOFwvQnVzaW5lc3MtY2FyZC0yLmpwZyIsInNsaWRlc2hvdyI6IjE2YTI5M2MifQ%3D%3D\" href='https:\/\/onivo.ma\/wp-content\/uploads\/2025\/08\/Business-card-2.jpg'><img decoding=\"async\" width=\"525\" height=\"350\" src=\"https:\/\/onivo.ma\/wp-content\/uploads\/2025\/08\/Business-card-2-1024x683.jpg\" class=\"attachment-large size-large\" alt=\"\" aria-describedby=\"gallery-1-6967\" srcset=\"https:\/\/onivo.ma\/wp-content\/uploads\/2025\/08\/Business-card-2-1024x683.jpg 1024w, https:\/\/onivo.ma\/wp-content\/uploads\/2025\/08\/Business-card-2-300x200.jpg 300w, https:\/\/onivo.ma\/wp-content\/uploads\/2025\/08\/Business-card-2-768x512.jpg 768w, https:\/\/onivo.ma\/wp-content\/uploads\/2025\/08\/Business-card-2.jpg 1440w\" sizes=\"(max-width: 525px) 100vw, 525px\" \/><\/a>\n\t\t\t<\/div>\n\t\t\t\t<figcaption class='wp-caption-text gallery-caption' id='gallery-1-6967'>\n\t\t\t\tCarte de visite\n\t\t\t\t<\/figcaption><\/figure><figure class='gallery-item'>\n\t\t\t<div class='gallery-icon landscape'>\n\t\t\t\t<a data-elementor-open-lightbox=\"yes\" data-elementor-lightbox-slideshow=\"16a293c\" data-elementor-lightbox-title=\"Bloc Notes\" data-e-action-hash=\"#elementor-action%3Aaction%3Dlightbox%26settings%3DeyJpZCI6Njk2OCwidXJsIjoiaHR0cHM6XC9cL29uaXZvLm1hXC93cC1jb250ZW50XC91cGxvYWRzXC8yMDI1XC8wOFwvQmxvYy1Ob3RlLmpwZyIsInNsaWRlc2hvdyI6IjE2YTI5M2MifQ%3D%3D\" href='https:\/\/onivo.ma\/wp-content\/uploads\/2025\/08\/Bloc-Note.jpg'><img decoding=\"async\" width=\"525\" height=\"350\" src=\"https:\/\/onivo.ma\/wp-content\/uploads\/2025\/08\/Bloc-Note-1024x683.jpg\" class=\"attachment-large size-large\" alt=\"\" aria-describedby=\"gallery-1-6968\" srcset=\"https:\/\/onivo.ma\/wp-content\/uploads\/2025\/08\/Bloc-Note-1024x683.jpg 1024w, https:\/\/onivo.ma\/wp-content\/uploads\/2025\/08\/Bloc-Note-300x200.jpg 300w, https:\/\/onivo.ma\/wp-content\/uploads\/2025\/08\/Bloc-Note-768x513.jpg 768w, https:\/\/onivo.ma\/wp-content\/uploads\/2025\/08\/Bloc-Note.jpg 1440w\" sizes=\"(max-width: 525px) 100vw, 525px\" \/><\/a>\n\t\t\t<\/div>\n\t\t\t\t<figcaption class='wp-caption-text gallery-caption' id='gallery-1-6968'>\n\t\t\t\tBloc Notes\n\t\t\t\t<\/figcaption><\/figure><figure class='gallery-item'>\n\t\t\t<div class='gallery-icon landscape'>\n\t\t\t\t<a data-elementor-open-lightbox=\"yes\" data-elementor-lightbox-slideshow=\"16a293c\" data-elementor-lightbox-title=\"Chemises\" data-e-action-hash=\"#elementor-action%3Aaction%3Dlightbox%26settings%3DeyJpZCI6Njk2OSwidXJsIjoiaHR0cHM6XC9cL29uaXZvLm1hXC93cC1jb250ZW50XC91cGxvYWRzXC8yMDI1XC8wOFwvRm9sZGVyLTIuanBnIiwic2xpZGVzaG93IjoiMTZhMjkzYyJ9\" href='https:\/\/onivo.ma\/wp-content\/uploads\/2025\/08\/Folder-2.jpg'><img loading=\"lazy\" decoding=\"async\" width=\"525\" height=\"350\" src=\"https:\/\/onivo.ma\/wp-content\/uploads\/2025\/08\/Folder-2-1024x682.jpg\" class=\"attachment-large size-large\" alt=\"\" aria-describedby=\"gallery-1-6969\" srcset=\"https:\/\/onivo.ma\/wp-content\/uploads\/2025\/08\/Folder-2-1024x682.jpg 1024w, https:\/\/onivo.ma\/wp-content\/uploads\/2025\/08\/Folder-2-300x200.jpg 300w, https:\/\/onivo.ma\/wp-content\/uploads\/2025\/08\/Folder-2-768x512.jpg 768w, https:\/\/onivo.ma\/wp-content\/uploads\/2025\/08\/Folder-2.jpg 1451w\" sizes=\"(max-width: 525px) 100vw, 525px\" \/><\/a>\n\t\t\t<\/div>\n\t\t\t\t<figcaption class='wp-caption-text gallery-caption' id='gallery-1-6969'>\n\t\t\t\tChemises\n\t\t\t\t<\/figcaption><\/figure><figure class='gallery-item'>\n\t\t\t<div class='gallery-icon landscape'>\n\t\t\t\t<a data-elementor-open-lightbox=\"yes\" data-elementor-lightbox-slideshow=\"16a293c\" data-elementor-lightbox-title=\"D\u00e9pliants\" data-e-action-hash=\"#elementor-action%3Aaction%3Dlightbox%26settings%3DeyJpZCI6Njk3MCwidXJsIjoiaHR0cHM6XC9cL29uaXZvLm1hXC93cC1jb250ZW50XC91cGxvYWRzXC8yMDI1XC8wOFwvUGFtcGhsZXQuanBnIiwic2xpZGVzaG93IjoiMTZhMjkzYyJ9\" href='https:\/\/onivo.ma\/wp-content\/uploads\/2025\/08\/Pamphlet.jpg'><img loading=\"lazy\" decoding=\"async\" width=\"525\" height=\"351\" src=\"https:\/\/onivo.ma\/wp-content\/uploads\/2025\/08\/Pamphlet-1024x684.jpg\" class=\"attachment-large size-large\" alt=\"\" aria-describedby=\"gallery-1-6970\" srcset=\"https:\/\/onivo.ma\/wp-content\/uploads\/2025\/08\/Pamphlet-1024x684.jpg 1024w, https:\/\/onivo.ma\/wp-content\/uploads\/2025\/08\/Pamphlet-300x200.jpg 300w, https:\/\/onivo.ma\/wp-content\/uploads\/2025\/08\/Pamphlet-768x513.jpg 768w, https:\/\/onivo.ma\/wp-content\/uploads\/2025\/08\/Pamphlet.jpg 1450w\" sizes=\"(max-width: 525px) 100vw, 525px\" \/><\/a>\n\t\t\t<\/div>\n\t\t\t\t<figcaption class='wp-caption-text gallery-caption' id='gallery-1-6970'>\n\t\t\t\tD\u00e9pliants\n\t\t\t\t<\/figcaption><\/figure><figure class='gallery-item'>\n\t\t\t<div class='gallery-icon landscape'>\n\t\t\t\t<a data-elementor-open-lightbox=\"yes\" data-elementor-lightbox-slideshow=\"16a293c\" data-elementor-lightbox-title=\"Flyer\" data-e-action-hash=\"#elementor-action%3Aaction%3Dlightbox%26settings%3DeyJpZCI6Njk3MSwidXJsIjoiaHR0cHM6XC9cL29uaXZvLm1hXC93cC1jb250ZW50XC91cGxvYWRzXC8yMDI1XC8wOFwvRmx5ZXIuanBnIiwic2xpZGVzaG93IjoiMTZhMjkzYyJ9\" href='https:\/\/onivo.ma\/wp-content\/uploads\/2025\/08\/Flyer.jpg'><img loading=\"lazy\" decoding=\"async\" width=\"525\" height=\"350\" src=\"https:\/\/onivo.ma\/wp-content\/uploads\/2025\/08\/Flyer-1024x683.jpg\" class=\"attachment-large size-large\" alt=\"\" aria-describedby=\"gallery-1-6971\" srcset=\"https:\/\/onivo.ma\/wp-content\/uploads\/2025\/08\/Flyer-1024x683.jpg 1024w, https:\/\/onivo.ma\/wp-content\/uploads\/2025\/08\/Flyer-300x200.jpg 300w, https:\/\/onivo.ma\/wp-content\/uploads\/2025\/08\/Flyer-768x512.jpg 768w, https:\/\/onivo.ma\/wp-content\/uploads\/2025\/08\/Flyer.jpg 1461w\" sizes=\"(max-width: 525px) 100vw, 525px\" \/><\/a>\n\t\t\t<\/div>\n\t\t\t\t<figcaption class='wp-caption-text gallery-caption' id='gallery-1-6971'>\n\t\t\t\tFlyers\n\t\t\t\t<\/figcaption><\/figure><figure class='gallery-item'>\n\t\t\t<div class='gallery-icon landscape'>\n\t\t\t\t<a data-elementor-open-lightbox=\"yes\" data-elementor-lightbox-slideshow=\"16a293c\" data-elementor-lightbox-title=\"Papiers en-t\u00eates\" data-e-action-hash=\"#elementor-action%3Aaction%3Dlightbox%26settings%3DeyJpZCI6Njk3MiwidXJsIjoiaHR0cHM6XC9cL29uaXZvLm1hXC93cC1jb250ZW50XC91cGxvYWRzXC8yMDI1XC8wOFwvTGV0dGVyLUhlYWRzLmpwZyIsInNsaWRlc2hvdyI6IjE2YTI5M2MifQ%3D%3D\" href='https:\/\/onivo.ma\/wp-content\/uploads\/2025\/08\/Letter-Heads.jpg'><img loading=\"lazy\" decoding=\"async\" width=\"525\" height=\"350\" src=\"https:\/\/onivo.ma\/wp-content\/uploads\/2025\/08\/Letter-Heads-1024x683.jpg\" class=\"attachment-large size-large\" alt=\"\" aria-describedby=\"gallery-1-6972\" srcset=\"https:\/\/onivo.ma\/wp-content\/uploads\/2025\/08\/Letter-Heads-1024x683.jpg 1024w, https:\/\/onivo.ma\/wp-content\/uploads\/2025\/08\/Letter-Heads-300x200.jpg 300w, https:\/\/onivo.ma\/wp-content\/uploads\/2025\/08\/Letter-Heads-768x512.jpg 768w, https:\/\/onivo.ma\/wp-content\/uploads\/2025\/08\/Letter-Heads.jpg 1440w\" sizes=\"(max-width: 525px) 100vw, 525px\" \/><\/a>\n\t\t\t<\/div>\n\t\t\t\t<figcaption class='wp-caption-text gallery-caption' id='gallery-1-6972'>\n\t\t\t\tPapiers en-t\u00eates\n\t\t\t\t<\/figcaption><\/figure><figure class='gallery-item'>\n\t\t\t<div class='gallery-icon landscape'>\n\t\t\t\t<a data-elementor-open-lightbox=\"yes\" data-elementor-lightbox-slideshow=\"16a293c\" data-elementor-lightbox-title=\"Livres\" data-e-action-hash=\"#elementor-action%3Aaction%3Dlightbox%26settings%3DeyJpZCI6Njk3MywidXJsIjoiaHR0cHM6XC9cL29uaXZvLm1hXC93cC1jb250ZW50XC91cGxvYWRzXC8yMDI1XC8wOFwvQm9va3MuanBnIiwic2xpZGVzaG93IjoiMTZhMjkzYyJ9\" href='https:\/\/onivo.ma\/wp-content\/uploads\/2025\/08\/Books.jpg'><img loading=\"lazy\" decoding=\"async\" width=\"525\" height=\"350\" src=\"https:\/\/onivo.ma\/wp-content\/uploads\/2025\/08\/Books-1024x683.jpg\" class=\"attachment-large size-large\" alt=\"\" aria-describedby=\"gallery-1-6973\" srcset=\"https:\/\/onivo.ma\/wp-content\/uploads\/2025\/08\/Books-1024x683.jpg 1024w, https:\/\/onivo.ma\/wp-content\/uploads\/2025\/08\/Books-300x200.jpg 300w, https:\/\/onivo.ma\/wp-content\/uploads\/2025\/08\/Books-768x512.jpg 768w, https:\/\/onivo.ma\/wp-content\/uploads\/2025\/08\/Books-1536x1024.jpg 1536w, https:\/\/onivo.ma\/wp-content\/uploads\/2025\/08\/Books.jpg 1720w\" sizes=\"(max-width: 525px) 100vw, 525px\" \/><\/a>\n\t\t\t<\/div>\n\t\t\t\t<figcaption class='wp-caption-text gallery-caption' id='gallery-1-6973'>\n\t\t\t\tLivres\n\t\t\t\t<\/figcaption><\/figure><figure class='gallery-item'>\n\t\t\t<div class='gallery-icon landscape'>\n\t\t\t\t<a data-elementor-open-lightbox=\"yes\" data-elementor-lightbox-slideshow=\"16a293c\" data-elementor-lightbox-title=\"Magazine\" data-e-action-hash=\"#elementor-action%3Aaction%3Dlightbox%26settings%3DeyJpZCI6Njk3NCwidXJsIjoiaHR0cHM6XC9cL29uaXZvLm1hXC93cC1jb250ZW50XC91cGxvYWRzXC8yMDI1XC8wOFwvTWFnYXppbmUtc2NhbGVkLmpwZyIsInNsaWRlc2hvdyI6IjE2YTI5M2MifQ%3D%3D\" href='https:\/\/onivo.ma\/wp-content\/uploads\/2025\/08\/Magazine-scaled.jpg'><img loading=\"lazy\" decoding=\"async\" width=\"525\" height=\"350\" src=\"https:\/\/onivo.ma\/wp-content\/uploads\/2025\/08\/Magazine-1024x683.jpg\" class=\"attachment-large size-large\" alt=\"\" aria-describedby=\"gallery-1-6974\" srcset=\"https:\/\/onivo.ma\/wp-content\/uploads\/2025\/08\/Magazine-1024x683.jpg 1024w, https:\/\/onivo.ma\/wp-content\/uploads\/2025\/08\/Magazine-300x200.jpg 300w, https:\/\/onivo.ma\/wp-content\/uploads\/2025\/08\/Magazine-768x512.jpg 768w, https:\/\/onivo.ma\/wp-content\/uploads\/2025\/08\/Magazine-1536x1025.jpg 1536w, https:\/\/onivo.ma\/wp-content\/uploads\/2025\/08\/Magazine-2048x1366.jpg 2048w\" sizes=\"(max-width: 525px) 100vw, 525px\" \/><\/a>\n\t\t\t<\/div>\n\t\t\t\t<figcaption class='wp-caption-text gallery-caption' id='gallery-1-6974'>\n\t\t\t\tMagazines\n\t\t\t\t<\/figcaption><\/figure><figure class='gallery-item'>\n\t\t\t<div class='gallery-icon landscape'>\n\t\t\t\t<a data-elementor-open-lightbox=\"yes\" data-elementor-lightbox-slideshow=\"16a293c\" data-elementor-lightbox-title=\"Sacs\" data-e-action-hash=\"#elementor-action%3Aaction%3Dlightbox%26settings%3DeyJpZCI6Njk3NSwidXJsIjoiaHR0cHM6XC9cL29uaXZvLm1hXC93cC1jb250ZW50XC91cGxvYWRzXC8yMDI1XC8wOFwvQmFnLXNjYWxlZC5qcGciLCJzbGlkZXNob3ciOiIxNmEyOTNjIn0%3D\" href='https:\/\/onivo.ma\/wp-content\/uploads\/2025\/08\/Bag-scaled.jpg'><img loading=\"lazy\" decoding=\"async\" width=\"525\" height=\"350\" src=\"https:\/\/onivo.ma\/wp-content\/uploads\/2025\/08\/Bag-1024x683.jpg\" class=\"attachment-large size-large\" alt=\"Sacs\" aria-describedby=\"gallery-1-6975\" srcset=\"https:\/\/onivo.ma\/wp-content\/uploads\/2025\/08\/Bag-1024x683.jpg 1024w, https:\/\/onivo.ma\/wp-content\/uploads\/2025\/08\/Bag-300x200.jpg 300w, https:\/\/onivo.ma\/wp-content\/uploads\/2025\/08\/Bag-768x512.jpg 768w, https:\/\/onivo.ma\/wp-content\/uploads\/2025\/08\/Bag-1536x1024.jpg 1536w, https:\/\/onivo.ma\/wp-content\/uploads\/2025\/08\/Bag-2048x1365.jpg 2048w\" sizes=\"(max-width: 525px) 100vw, 525px\" \/><\/a>\n\t\t\t<\/div>\n\t\t\t\t<figcaption class='wp-caption-text gallery-caption' id='gallery-1-6975'>\n\t\t\t\tSacs\n\t\t\t\t<\/figcaption><\/figure><figure class='gallery-item'>\n\t\t\t<div class='gallery-icon landscape'>\n\t\t\t\t<a data-elementor-open-lightbox=\"yes\" data-elementor-lightbox-slideshow=\"16a293c\" data-elementor-lightbox-title=\"Enveloppes\" data-e-action-hash=\"#elementor-action%3Aaction%3Dlightbox%26settings%3DeyJpZCI6Njk3NiwidXJsIjoiaHR0cHM6XC9cL29uaXZvLm1hXC93cC1jb250ZW50XC91cGxvYWRzXC8yMDI1XC8wOFwvRW52ZWxvcGUuanBnIiwic2xpZGVzaG93IjoiMTZhMjkzYyJ9\" href='https:\/\/onivo.ma\/wp-content\/uploads\/2025\/08\/Envelope.jpg'><img loading=\"lazy\" decoding=\"async\" width=\"525\" height=\"350\" src=\"https:\/\/onivo.ma\/wp-content\/uploads\/2025\/08\/Envelope-1024x682.jpg\" class=\"attachment-large size-large\" alt=\"\" aria-describedby=\"gallery-1-6976\" srcset=\"https:\/\/onivo.ma\/wp-content\/uploads\/2025\/08\/Envelope-1024x682.jpg 1024w, https:\/\/onivo.ma\/wp-content\/uploads\/2025\/08\/Envelope-300x200.jpg 300w, https:\/\/onivo.ma\/wp-content\/uploads\/2025\/08\/Envelope-768x512.jpg 768w, https:\/\/onivo.ma\/wp-content\/uploads\/2025\/08\/Envelope-1536x1023.jpg 1536w, https:\/\/onivo.ma\/wp-content\/uploads\/2025\/08\/Envelope.jpg 1642w\" sizes=\"(max-width: 525px) 100vw, 525px\" \/><\/a>\n\t\t\t<\/div>\n\t\t\t\t<figcaption class='wp-caption-text gallery-caption' id='gallery-1-6976'>\n\t\t\t\tEnveloppes\n\t\t\t\t<\/figcaption><\/figure><figure class='gallery-item'>\n\t\t\t<div class='gallery-icon landscape'>\n\t\t\t\t<a data-elementor-open-lightbox=\"yes\" data-elementor-lightbox-slideshow=\"16a293c\" data-elementor-lightbox-title=\"Certificats\" data-e-action-hash=\"#elementor-action%3Aaction%3Dlightbox%26settings%3DeyJpZCI6Njk3NywidXJsIjoiaHR0cHM6XC9cL29uaXZvLm1hXC93cC1jb250ZW50XC91cGxvYWRzXC8yMDI1XC8wOFwvQ2VydGlmaWNhdGUucG5nIiwic2xpZGVzaG93IjoiMTZhMjkzYyJ9\" href='https:\/\/onivo.ma\/wp-content\/uploads\/2025\/08\/Certificate.png'><img loading=\"lazy\" decoding=\"async\" width=\"525\" height=\"350\" src=\"https:\/\/onivo.ma\/wp-content\/uploads\/2025\/08\/Certificate-1024x683.png\" class=\"attachment-large size-large\" alt=\"Certificats\" aria-describedby=\"gallery-1-6977\" srcset=\"https:\/\/onivo.ma\/wp-content\/uploads\/2025\/08\/Certificate-1024x683.png 1024w, https:\/\/onivo.ma\/wp-content\/uploads\/2025\/08\/Certificate-300x200.png 300w, https:\/\/onivo.ma\/wp-content\/uploads\/2025\/08\/Certificate-768x512.png 768w, https:\/\/onivo.ma\/wp-content\/uploads\/2025\/08\/Certificate-1536x1024.png 1536w, https:\/\/onivo.ma\/wp-content\/uploads\/2025\/08\/Certificate-2048x1365.png 2048w\" sizes=\"(max-width: 525px) 100vw, 525px\" \/><\/a>\n\t\t\t<\/div>\n\t\t\t\t<figcaption class='wp-caption-text gallery-caption' id='gallery-1-6977'>\n\t\t\t\tCertificats\n\t\t\t\t<\/figcaption><\/figure><figure class='gallery-item'>\n\t\t\t<div class='gallery-icon landscape'>\n\t\t\t\t<a data-elementor-open-lightbox=\"yes\" data-elementor-lightbox-slideshow=\"16a293c\" data-elementor-lightbox-title=\"Posters\" data-e-action-hash=\"#elementor-action%3Aaction%3Dlightbox%26settings%3DeyJpZCI6Njk3OCwidXJsIjoiaHR0cHM6XC9cL29uaXZvLm1hXC93cC1jb250ZW50XC91cGxvYWRzXC8yMDI1XC8wOVwvUG9zdGVyLmpwZyIsInNsaWRlc2hvdyI6IjE2YTI5M2MifQ%3D%3D\" href='https:\/\/onivo.ma\/wp-content\/uploads\/2025\/09\/Poster.jpg'><img loading=\"lazy\" decoding=\"async\" width=\"525\" height=\"350\" src=\"https:\/\/onivo.ma\/wp-content\/uploads\/2025\/09\/Poster-1024x683.jpg\" class=\"attachment-large size-large\" alt=\"Posters\" aria-describedby=\"gallery-1-6978\" srcset=\"https:\/\/onivo.ma\/wp-content\/uploads\/2025\/09\/Poster-1024x683.jpg 1024w, https:\/\/onivo.ma\/wp-content\/uploads\/2025\/09\/Poster-300x200.jpg 300w, https:\/\/onivo.ma\/wp-content\/uploads\/2025\/09\/Poster-768x512.jpg 768w, https:\/\/onivo.ma\/wp-content\/uploads\/2025\/09\/Poster.jpg 1440w\" sizes=\"(max-width: 525px) 100vw, 525px\" \/><\/a>\n\t\t\t<\/div>\n\t\t\t\t<figcaption class='wp-caption-text gallery-caption' id='gallery-1-6978'>\n\t\t\t\tPosters\n\t\t\t\t<\/figcaption><\/figure><figure class='gallery-item'>\n\t\t\t<div class='gallery-icon landscape'>\n\t\t\t\t<a data-elementor-open-lightbox=\"yes\" data-elementor-lightbox-slideshow=\"16a293c\" data-elementor-lightbox-title=\"Tickets\" data-e-action-hash=\"#elementor-action%3Aaction%3Dlightbox%26settings%3DeyJpZCI6Njk3OSwidXJsIjoiaHR0cHM6XC9cL29uaXZvLm1hXC93cC1jb250ZW50XC91cGxvYWRzXC8yMDI1XC8wOVwvVGlja2V0cy0xLmpwZyIsInNsaWRlc2hvdyI6IjE2YTI5M2MifQ%3D%3D\" href='https:\/\/onivo.ma\/wp-content\/uploads\/2025\/09\/Tickets-1.jpg'><img loading=\"lazy\" decoding=\"async\" width=\"525\" height=\"350\" src=\"https:\/\/onivo.ma\/wp-content\/uploads\/2025\/09\/Tickets-1-1024x683.jpg\" class=\"attachment-large size-large\" alt=\"\" aria-describedby=\"gallery-1-6979\" srcset=\"https:\/\/onivo.ma\/wp-content\/uploads\/2025\/09\/Tickets-1-1024x683.jpg 1024w, https:\/\/onivo.ma\/wp-content\/uploads\/2025\/09\/Tickets-1-300x200.jpg 300w, https:\/\/onivo.ma\/wp-content\/uploads\/2025\/09\/Tickets-1-768x512.jpg 768w, https:\/\/onivo.ma\/wp-content\/uploads\/2025\/09\/Tickets-1.jpg 1440w\" sizes=\"(max-width: 525px) 100vw, 525px\" \/><\/a>\n\t\t\t<\/div>\n\t\t\t\t<figcaption class='wp-caption-text gallery-caption' id='gallery-1-6979'>\n\t\t\t\tTickets\n\t\t\t\t<\/figcaption><\/figure><figure class='gallery-item'>\n\t\t\t<div class='gallery-icon landscape'>\n\t\t\t\t<a data-elementor-open-lightbox=\"yes\" data-elementor-lightbox-slideshow=\"16a293c\" data-elementor-lightbox-title=\"Pr\u00e9sentoirs en plexiglas A5\/A4\" data-e-action-hash=\"#elementor-action%3Aaction%3Dlightbox%26settings%3DeyJpZCI6Njk4MCwidXJsIjoiaHR0cHM6XC9cL29uaXZvLm1hXC93cC1jb250ZW50XC91cGxvYWRzXC8yMDI1XC8wOVwvQTQtYW5kLUE1LXBsZXhpLTEuanBnIiwic2xpZGVzaG93IjoiMTZhMjkzYyJ9\" href='https:\/\/onivo.ma\/wp-content\/uploads\/2025\/09\/A4-and-A5-plexi-1.jpg'><img loading=\"lazy\" decoding=\"async\" width=\"525\" height=\"350\" src=\"https:\/\/onivo.ma\/wp-content\/uploads\/2025\/09\/A4-and-A5-plexi-1-1024x683.jpg\" class=\"attachment-large size-large\" alt=\"\" aria-describedby=\"gallery-1-6980\" srcset=\"https:\/\/onivo.ma\/wp-content\/uploads\/2025\/09\/A4-and-A5-plexi-1-1024x683.jpg 1024w, https:\/\/onivo.ma\/wp-content\/uploads\/2025\/09\/A4-and-A5-plexi-1-300x200.jpg 300w, https:\/\/onivo.ma\/wp-content\/uploads\/2025\/09\/A4-and-A5-plexi-1-768x513.jpg 768w, https:\/\/onivo.ma\/wp-content\/uploads\/2025\/09\/A4-and-A5-plexi-1.jpg 1440w\" sizes=\"(max-width: 525px) 100vw, 525px\" \/><\/a>\n\t\t\t<\/div>\n\t\t\t\t<figcaption class='wp-caption-text gallery-caption' id='gallery-1-6980'>\n\t\t\t\tPr\u00e9sentoirs en plexiglas A5\/A4\n\t\t\t\t<\/figcaption><\/figure><figure class='gallery-item'>\n\t\t\t<div class='gallery-icon landscape'>\n\t\t\t\t<a data-elementor-open-lightbox=\"yes\" data-elementor-lightbox-slideshow=\"16a293c\" data-elementor-lightbox-title=\"Calendriers\" data-e-action-hash=\"#elementor-action%3Aaction%3Dlightbox%26settings%3DeyJpZCI6Njk4MSwidXJsIjoiaHR0cHM6XC9cL29uaXZvLm1hXC93cC1jb250ZW50XC91cGxvYWRzXC8yMDI1XC8wOVwvQ2FsZW5kYXIuanBnIiwic2xpZGVzaG93IjoiMTZhMjkzYyJ9\" href='https:\/\/onivo.ma\/wp-content\/uploads\/2025\/09\/Calendar.jpg'><img loading=\"lazy\" decoding=\"async\" width=\"525\" height=\"351\" src=\"https:\/\/onivo.ma\/wp-content\/uploads\/2025\/09\/Calendar-1024x684.jpg\" class=\"attachment-large size-large\" alt=\"\" aria-describedby=\"gallery-1-6981\" srcset=\"https:\/\/onivo.ma\/wp-content\/uploads\/2025\/09\/Calendar-1024x684.jpg 1024w, https:\/\/onivo.ma\/wp-content\/uploads\/2025\/09\/Calendar-300x200.jpg 300w, https:\/\/onivo.ma\/wp-content\/uploads\/2025\/09\/Calendar-768x513.jpg 768w, https:\/\/onivo.ma\/wp-content\/uploads\/2025\/09\/Calendar.jpg 1438w\" sizes=\"(max-width: 525px) 100vw, 525px\" \/><\/a>\n\t\t\t<\/div>\n\t\t\t\t<figcaption class='wp-caption-text gallery-caption' id='gallery-1-6981'>\n\t\t\t\tCalendriers\n\t\t\t\t<\/figcaption><\/figure><figure class='gallery-item'>\n\t\t\t<div class='gallery-icon landscape'>\n\t\t\t\t<a data-elementor-open-lightbox=\"yes\" data-elementor-lightbox-slideshow=\"16a293c\" data-elementor-lightbox-title=\"Invitations\" data-e-action-hash=\"#elementor-action%3Aaction%3Dlightbox%26settings%3DeyJpZCI6Njk4MiwidXJsIjoiaHR0cHM6XC9cL29uaXZvLm1hXC93cC1jb250ZW50XC91cGxvYWRzXC8yMDI1XC8wOVwvSW52aXRhdGlvbnMtMS5qcGciLCJzbGlkZXNob3ciOiIxNmEyOTNjIn0%3D\" href='https:\/\/onivo.ma\/wp-content\/uploads\/2025\/09\/Invitations-1.jpg'><img loading=\"lazy\" decoding=\"async\" width=\"525\" height=\"350\" src=\"https:\/\/onivo.ma\/wp-content\/uploads\/2025\/09\/Invitations-1-1024x683.jpg\" class=\"attachment-large size-large\" alt=\"Invitations\" aria-describedby=\"gallery-1-6982\" srcset=\"https:\/\/onivo.ma\/wp-content\/uploads\/2025\/09\/Invitations-1-1024x683.jpg 1024w, https:\/\/onivo.ma\/wp-content\/uploads\/2025\/09\/Invitations-1-300x200.jpg 300w, https:\/\/onivo.ma\/wp-content\/uploads\/2025\/09\/Invitations-1-768x512.jpg 768w, https:\/\/onivo.ma\/wp-content\/uploads\/2025\/09\/Invitations-1.jpg 1440w\" sizes=\"(max-width: 525px) 100vw, 525px\" \/><\/a>\n\t\t\t<\/div>\n\t\t\t\t<figcaption class='wp-caption-text gallery-caption' id='gallery-1-6982'>\n\t\t\t\tInvitations\n\t\t\t\t<\/figcaption><\/figure>\n\t\t<\/div>\n\t\t<\/div>\n\t\t\t\t\t\t<\/div>\n\t\t\t\t\t<\/div>\n\t\t\t\t<\/div>\n\t\t\t\t<\/div>\n\t\t","protected":false},"excerpt":{"rendered":"<p>Large choix L\u2019impression num\u00e9rique est une m\u00e9thode d\u2019impression rapide et polyvalente, offrant des r\u00e9sultats nets et professionnels sans n\u00e9cessiter une grande pr\u00e9paration. Gr\u00e2ce \u00e0 cette technique, nous imprimons une large gamme de produits personnalisables, notamment des cartes de visite, blocs-notes, chemises \u00e0 rabat, d\u00e9pliants, brochures, flyers, papiers \u00e0 en-t\u00eate, livres, magazines, sacs, enveloppes publicitaires, invitations, [&hellip;]<\/p>\n","protected":false},"author":1,"featured_media":0,"parent":0,"menu_order":0,"comment_status":"closed","ping_status":"closed","template":"tpl-default-elementor.php","meta":{"footnotes":""},"class_list":["post-7099","page","type-page","status-publish","hentry"],"_links":{"self":[{"href":"https:\/\/onivo.ma\/fr\/wp-json\/wp\/v2\/pages\/7099","targetHints":{"allow":["GET"]}}],"collection":[{"href":"https:\/\/onivo.ma\/fr\/wp-json\/wp\/v2\/pages"}],"about":[{"href":"https:\/\/onivo.ma\/fr\/wp-json\/wp\/v2\/types\/page"}],"author":[{"embeddable":true,"href":"https:\/\/onivo.ma\/fr\/wp-json\/wp\/v2\/users\/1"}],"replies":[{"embeddable":true,"href":"https:\/\/onivo.ma\/fr\/wp-json\/wp\/v2\/comments?post=7099"}],"version-history":[{"count":0,"href":"https:\/\/onivo.ma\/fr\/wp-json\/wp\/v2\/pages\/7099\/revisions"}],"wp:attachment":[{"href":"https:\/\/onivo.ma\/fr\/wp-json\/wp\/v2\/media?parent=7099"}],"curies":[{"name":"wp","href":"https:\/\/api.w.org\/{rel}","templated":true}]}}