{"id":7082,"date":"2021-01-21T09:57:47","date_gmt":"2021-01-21T09:57:47","guid":{"rendered":"https:\/\/onivo.ma\/impression-offset\/"},"modified":"2025-11-17T22:06:18","modified_gmt":"2025-11-17T22:06:18","slug":"impression-offset","status":"publish","type":"page","link":"https:\/\/onivo.ma\/fr\/impression-offset\/","title":{"rendered":"Impression offset"},"content":{"rendered":"\t\t<div data-elementor-type=\"wp-page\" data-elementor-id=\"7082\" class=\"elementor elementor-7082 elementor-1585\" data-elementor-post-type=\"page\">\n\t\t\t\t\t\t<section class=\"elementor-section elementor-top-section elementor-element elementor-element-87b314a elementor-section-boxed elementor-section-height-default elementor-section-height-default\" data-id=\"87b314a\" data-element_type=\"section\" data-e-type=\"section\">\n\t\t\t\t\t\t<div class=\"elementor-container elementor-column-gap-no\">\n\t\t\t\t\t<div class=\"elementor-column elementor-col-50 elementor-top-column elementor-element elementor-element-c925de3\" data-id=\"c925de3\" data-element_type=\"column\" data-e-type=\"column\">\n\t\t\t<div class=\"elementor-widget-wrap elementor-element-populated\">\n\t\t\t\t\t\t<div class=\"elementor-element elementor-element-67af52a elementor-widget elementor-widget-image\" data-id=\"67af52a\" data-element_type=\"widget\" data-e-type=\"widget\" data-widget_type=\"image.default\">\n\t\t\t\t\t\t\t\t\t\t\t\t\t\t\t<img fetchpriority=\"high\" decoding=\"async\" width=\"525\" height=\"350\" src=\"https:\/\/onivo.ma\/wp-content\/uploads\/2025\/09\/Offset-printing.png\" class=\"attachment-medium_large size-medium_large wp-image-7081\" alt=\"offset\" srcset=\"https:\/\/onivo.ma\/wp-content\/uploads\/2025\/09\/Offset-printing.png 768w, https:\/\/onivo.ma\/wp-content\/uploads\/2025\/09\/Offset-printing-300x200.png 300w\" sizes=\"(max-width: 525px) 100vw, 525px\" \/>\t\t\t\t\t\t\t\t\t\t\t\t\t\t\t<\/div>\n\t\t\t\t\t<\/div>\n\t\t<\/div>\n\t\t\t\t<div class=\"elementor-column elementor-col-50 elementor-top-column elementor-element elementor-element-cc7362b\" data-id=\"cc7362b\" data-element_type=\"column\" data-e-type=\"column\">\n\t\t\t<div class=\"elementor-widget-wrap elementor-element-populated\">\n\t\t\t\t\t\t<div class=\"elementor-element elementor-element-4fd82bb elementor-widget elementor-widget-heading\" data-id=\"4fd82bb\" data-element_type=\"widget\" data-e-type=\"widget\" data-widget_type=\"heading.default\">\n\t\t\t\t\t<h4 class=\"elementor-heading-title elementor-size-default\">About Onivo<\/h4>\t\t\t\t<\/div>\n\t\t\t\t<div class=\"elementor-element elementor-element-ad0dc85 elementor-widget elementor-widget-heading\" data-id=\"ad0dc85\" data-element_type=\"widget\" data-e-type=\"widget\" data-widget_type=\"heading.default\">\n\t\t\t\t\t<h3 class=\"elementor-heading-title elementor-size-default\">Offset<\/h3>\t\t\t\t<\/div>\n\t\t\t\t<div class=\"elementor-element elementor-element-9eb0a8f elementor-widget elementor-widget-text-editor\" data-id=\"9eb0a8f\" data-element_type=\"widget\" data-e-type=\"widget\" data-widget_type=\"text-editor.default\">\n\t\t\t\t\t\t\t\t\t<p>L&rsquo;impression offset est la m\u00e9thode de pr\u00e9dilection pour produire de grandes quantit\u00e9s avec une qualit\u00e9 constante et professionnelle. Elle offre des couleurs \u00e9clatantes, des d\u00e9tails nets et une finition lisse, ce qui la rend id\u00e9ale pour les projets \u00e0 grand volume. Gr\u00e2ce \u00e0 l&rsquo;impression offset, nous produisons <strong data-start=\"399\" data-end=\"494\">des catalogues, des brochures, des affiches, de la papeterie, des emballages, des journaux, des livres, des magazines, et bien plus encore<\/strong>, le tout avec une pr\u00e9cision et une durabilit\u00e9 qui se d\u00e9marquent.<\/p>\t\t\t\t\t\t\t\t<\/div>\n\t\t\t\t\t<\/div>\n\t\t<\/div>\n\t\t\t\t\t<\/div>\n\t\t<\/section>\n\t\t\t\t<\/div>\n\t\t","protected":false},"excerpt":{"rendered":"<p>About Onivo Offset L&rsquo;impression offset est la m\u00e9thode de pr\u00e9dilection pour produire de grandes quantit\u00e9s avec une qualit\u00e9 constante et professionnelle. Elle offre des couleurs \u00e9clatantes, des d\u00e9tails nets et une finition lisse, ce qui la rend id\u00e9ale pour les projets \u00e0 grand volume. Gr\u00e2ce \u00e0 l&rsquo;impression offset, nous produisons des catalogues, des brochures, des [&hellip;]<\/p>\n","protected":false},"author":1,"featured_media":0,"parent":0,"menu_order":0,"comment_status":"closed","ping_status":"closed","template":"tpl-default-elementor.php","meta":{"footnotes":""},"class_list":["post-7082","page","type-page","status-publish","hentry"],"_links":{"self":[{"href":"https:\/\/onivo.ma\/fr\/wp-json\/wp\/v2\/pages\/7082","targetHints":{"allow":["GET"]}}],"collection":[{"href":"https:\/\/onivo.ma\/fr\/wp-json\/wp\/v2\/pages"}],"about":[{"href":"https:\/\/onivo.ma\/fr\/wp-json\/wp\/v2\/types\/page"}],"author":[{"embeddable":true,"href":"https:\/\/onivo.ma\/fr\/wp-json\/wp\/v2\/users\/1"}],"replies":[{"embeddable":true,"href":"https:\/\/onivo.ma\/fr\/wp-json\/wp\/v2\/comments?post=7082"}],"version-history":[{"count":0,"href":"https:\/\/onivo.ma\/fr\/wp-json\/wp\/v2\/pages\/7082\/revisions"}],"wp:attachment":[{"href":"https:\/\/onivo.ma\/fr\/wp-json\/wp\/v2\/media?parent=7082"}],"curies":[{"name":"wp","href":"https:\/\/api.w.org\/{rel}","templated":true}]}}