{"id":6989,"date":"2021-01-21T09:59:28","date_gmt":"2021-01-21T09:59:28","guid":{"rendered":"https:\/\/onivo.ma\/goodies\/"},"modified":"2025-11-17T17:25:27","modified_gmt":"2025-11-17T17:25:27","slug":"goodies","status":"publish","type":"page","link":"https:\/\/onivo.ma\/fr\/goodies\/","title":{"rendered":"Goodies"},"content":{"rendered":"\t\t<div data-elementor-type=\"wp-page\" data-elementor-id=\"6989\" class=\"elementor elementor-6989 elementor-1591\" data-elementor-post-type=\"page\">\n\t\t\t\t\t\t<section class=\"elementor-section elementor-top-section elementor-element elementor-element-ff81544 elementor-section-boxed elementor-section-height-default elementor-section-height-default\" data-id=\"ff81544\" data-element_type=\"section\" data-e-type=\"section\">\n\t\t\t\t\t\t<div class=\"elementor-container elementor-column-gap-no\">\n\t\t\t\t\t<div class=\"elementor-column elementor-col-50 elementor-top-column elementor-element elementor-element-b65aa20\" data-id=\"b65aa20\" data-element_type=\"column\" data-e-type=\"column\">\n\t\t\t<div class=\"elementor-widget-wrap elementor-element-populated\">\n\t\t\t\t\t\t<div class=\"elementor-element elementor-element-35af748 elementor-widget elementor-widget-image\" data-id=\"35af748\" data-element_type=\"widget\" data-e-type=\"widget\" data-widget_type=\"image.default\">\n\t\t\t\t\t\t\t\t\t\t\t\t\t\t\t<img fetchpriority=\"high\" decoding=\"async\" width=\"525\" height=\"350\" src=\"https:\/\/onivo.ma\/wp-content\/uploads\/2025\/11\/MOCK-UPS-ONIVO-04-1024x683.jpg\" class=\"attachment-large size-large wp-image-6983\" alt=\"Bouteille\" srcset=\"https:\/\/onivo.ma\/wp-content\/uploads\/2025\/11\/MOCK-UPS-ONIVO-04-1024x683.jpg 1024w, https:\/\/onivo.ma\/wp-content\/uploads\/2025\/11\/MOCK-UPS-ONIVO-04-300x200.jpg 300w, https:\/\/onivo.ma\/wp-content\/uploads\/2025\/11\/MOCK-UPS-ONIVO-04-768x513.jpg 768w, https:\/\/onivo.ma\/wp-content\/uploads\/2025\/11\/MOCK-UPS-ONIVO-04.jpg 1440w\" sizes=\"(max-width: 525px) 100vw, 525px\" \/>\t\t\t\t\t\t\t\t\t\t\t\t\t\t\t<\/div>\n\t\t\t\t\t<\/div>\n\t\t<\/div>\n\t\t\t\t<div class=\"elementor-column elementor-col-50 elementor-top-column elementor-element elementor-element-b5dbf91\" data-id=\"b5dbf91\" data-element_type=\"column\" data-e-type=\"column\">\n\t\t\t<div class=\"elementor-widget-wrap elementor-element-populated\">\n\t\t\t\t\t\t<div class=\"elementor-element elementor-element-476a26f elementor-widget elementor-widget-heading\" data-id=\"476a26f\" data-element_type=\"widget\" data-e-type=\"widget\" data-widget_type=\"heading.default\">\n\t\t\t\t\t<h4 class=\"elementor-heading-title elementor-size-default\">Goodies avec Onivo<\/h4>\t\t\t\t<\/div>\n\t\t\t\t<div class=\"elementor-element elementor-element-38d6cd9 elementor-widget elementor-widget-heading\" data-id=\"38d6cd9\" data-element_type=\"widget\" data-e-type=\"widget\" data-widget_type=\"heading.default\">\n\t\t\t\t\t<h3 class=\"elementor-heading-title elementor-size-default\">Personnalisez vos goodies<\/h3>\t\t\t\t<\/div>\n\t\t\t\t<div class=\"elementor-element elementor-element-0f24e4e elementor-widget elementor-widget-text-editor\" data-id=\"0f24e4e\" data-element_type=\"widget\" data-e-type=\"widget\" data-widget_type=\"text-editor.default\">\n\t\t\t\t\t\t\t\t\t<p>Nous proposons une large gamme de goodies personnalisables pour valoriser votre marque, notamment des stylos, des cl\u00e9s USB, des mugs, des bouteilles m\u00e9talliques isothermes, des batteries externes, des chargeurs sans fil, des carnets, des tapis de souris, des porte-cl\u00e9s, des sacs fourre-tout, des parapluies, des bo\u00eetes \u00e0 d\u00e9jeuner, des articles \u00e9cologiques, et bien plus encore. Tous les produits sont enti\u00e8rement personnalisables avec une impression ou une gravure de haute qualit\u00e9, ce qui les rend parfaits pour les cadeaux d&rsquo;entreprise, les \u00e9v\u00e9nements, les distributions promotionnelles et les promotions de marque. T\u00c9L\u00c9CHARGER LE CATALOGUE<\/p>\t\t\t\t\t\t\t\t<\/div>\n\t\t\t\t\t<\/div>\n\t\t<\/div>\n\t\t\t\t\t<\/div>\n\t\t<\/section>\n\t\t<div class=\"elementor-element elementor-element-23bba3b e-grid e-con-boxed e-con e-parent\" data-id=\"23bba3b\" data-element_type=\"container\" data-e-type=\"container\">\n\t\t\t\t\t<div class=\"e-con-inner\">\n\t\t\t\t<div class=\"elementor-element elementor-element-9b26d80 elementor-widget elementor-widget-image\" data-id=\"9b26d80\" data-element_type=\"widget\" data-e-type=\"widget\" data-widget_type=\"image.default\">\n\t\t\t\t\t\t\t\t\t\t\t\t\t\t\t<img decoding=\"async\" width=\"525\" height=\"350\" src=\"https:\/\/onivo.ma\/wp-content\/uploads\/2025\/11\/Pen-1024x683.jpg\" class=\"attachment-large size-large wp-image-6984\" alt=\"Stylos\" srcset=\"https:\/\/onivo.ma\/wp-content\/uploads\/2025\/11\/Pen-1024x683.jpg 1024w, https:\/\/onivo.ma\/wp-content\/uploads\/2025\/11\/Pen-300x200.jpg 300w, https:\/\/onivo.ma\/wp-content\/uploads\/2025\/11\/Pen-768x513.jpg 768w, https:\/\/onivo.ma\/wp-content\/uploads\/2025\/11\/Pen.jpg 1440w\" sizes=\"(max-width: 525px) 100vw, 525px\" \/>\t\t\t\t\t\t\t\t\t\t\t\t\t\t\t<\/div>\n\t\t\t\t<div class=\"elementor-element elementor-element-034e861 elementor-widget elementor-widget-image\" data-id=\"034e861\" data-element_type=\"widget\" data-e-type=\"widget\" data-widget_type=\"image.default\">\n\t\t\t\t\t\t\t\t\t\t\t\t\t\t\t<img decoding=\"async\" width=\"525\" height=\"350\" src=\"https:\/\/onivo.ma\/wp-content\/uploads\/2025\/11\/USB-Key-1024x683.jpg\" class=\"attachment-large size-large wp-image-6985\" alt=\"\" srcset=\"https:\/\/onivo.ma\/wp-content\/uploads\/2025\/11\/USB-Key-1024x683.jpg 1024w, https:\/\/onivo.ma\/wp-content\/uploads\/2025\/11\/USB-Key-300x200.jpg 300w, https:\/\/onivo.ma\/wp-content\/uploads\/2025\/11\/USB-Key-768x513.jpg 768w, https:\/\/onivo.ma\/wp-content\/uploads\/2025\/11\/USB-Key.jpg 1440w\" sizes=\"(max-width: 525px) 100vw, 525px\" \/>\t\t\t\t\t\t\t\t\t\t\t\t\t\t\t<\/div>\n\t\t\t\t<div class=\"elementor-element elementor-element-f57386b elementor-widget elementor-widget-image\" data-id=\"f57386b\" data-element_type=\"widget\" data-e-type=\"widget\" data-widget_type=\"image.default\">\n\t\t\t\t\t\t\t\t\t\t\t\t\t\t\t<img fetchpriority=\"high\" decoding=\"async\" width=\"525\" height=\"350\" src=\"https:\/\/onivo.ma\/wp-content\/uploads\/2025\/11\/MOCK-UPS-ONIVO-04-1024x683.jpg\" class=\"attachment-large size-large wp-image-6983\" alt=\"Bouteille\" srcset=\"https:\/\/onivo.ma\/wp-content\/uploads\/2025\/11\/MOCK-UPS-ONIVO-04-1024x683.jpg 1024w, https:\/\/onivo.ma\/wp-content\/uploads\/2025\/11\/MOCK-UPS-ONIVO-04-300x200.jpg 300w, https:\/\/onivo.ma\/wp-content\/uploads\/2025\/11\/MOCK-UPS-ONIVO-04-768x513.jpg 768w, https:\/\/onivo.ma\/wp-content\/uploads\/2025\/11\/MOCK-UPS-ONIVO-04.jpg 1440w\" sizes=\"(max-width: 525px) 100vw, 525px\" \/>\t\t\t\t\t\t\t\t\t\t\t\t\t\t\t<\/div>\n\t\t\t\t<div class=\"elementor-element elementor-element-827df64 elementor-widget elementor-widget-image\" data-id=\"827df64\" data-element_type=\"widget\" data-e-type=\"widget\" data-widget_type=\"image.default\">\n\t\t\t\t\t\t\t\t\t\t\t\t\t\t\t<img loading=\"lazy\" decoding=\"async\" width=\"525\" height=\"350\" src=\"https:\/\/onivo.ma\/wp-content\/uploads\/2025\/11\/Keychain-1024x683.jpg\" class=\"attachment-large size-large wp-image-6986\" alt=\"Porte-cl\u00e9s\" srcset=\"https:\/\/onivo.ma\/wp-content\/uploads\/2025\/11\/Keychain-1024x683.jpg 1024w, https:\/\/onivo.ma\/wp-content\/uploads\/2025\/11\/Keychain-300x200.jpg 300w, https:\/\/onivo.ma\/wp-content\/uploads\/2025\/11\/Keychain-768x513.jpg 768w, https:\/\/onivo.ma\/wp-content\/uploads\/2025\/11\/Keychain.jpg 1440w\" sizes=\"(max-width: 525px) 100vw, 525px\" \/>\t\t\t\t\t\t\t\t\t\t\t\t\t\t\t<\/div>\n\t\t\t\t<div class=\"elementor-element elementor-element-70c7c87 elementor-widget elementor-widget-image\" data-id=\"70c7c87\" data-element_type=\"widget\" data-e-type=\"widget\" data-widget_type=\"image.default\">\n\t\t\t\t\t\t\t\t\t\t\t\t\t\t\t<img loading=\"lazy\" decoding=\"async\" width=\"525\" height=\"350\" src=\"https:\/\/onivo.ma\/wp-content\/uploads\/2025\/11\/NoteBooks-1024x683.jpg\" class=\"attachment-large size-large wp-image-6987\" alt=\"Carnet\" srcset=\"https:\/\/onivo.ma\/wp-content\/uploads\/2025\/11\/NoteBooks-1024x683.jpg 1024w, https:\/\/onivo.ma\/wp-content\/uploads\/2025\/11\/NoteBooks-300x200.jpg 300w, https:\/\/onivo.ma\/wp-content\/uploads\/2025\/11\/NoteBooks-768x513.jpg 768w, https:\/\/onivo.ma\/wp-content\/uploads\/2025\/11\/NoteBooks.jpg 1440w\" sizes=\"(max-width: 525px) 100vw, 525px\" \/>\t\t\t\t\t\t\t\t\t\t\t\t\t\t\t<\/div>\n\t\t\t\t<div class=\"elementor-element elementor-element-00aa565 elementor-widget elementor-widget-image\" data-id=\"00aa565\" data-element_type=\"widget\" data-e-type=\"widget\" data-widget_type=\"image.default\">\n\t\t\t\t\t\t\t\t\t\t\t\t\t\t\t<img loading=\"lazy\" decoding=\"async\" width=\"525\" height=\"300\" src=\"https:\/\/onivo.ma\/wp-content\/uploads\/2025\/11\/Goodies-catalogue-1024x585.png\" class=\"attachment-large size-large wp-image-6988\" alt=\"T\u00c9L\u00c9CHARGER LE CATALOGUE DE GOODIES\" srcset=\"https:\/\/onivo.ma\/wp-content\/uploads\/2025\/11\/Goodies-catalogue-1024x585.png 1024w, https:\/\/onivo.ma\/wp-content\/uploads\/2025\/11\/Goodies-catalogue-300x171.png 300w, https:\/\/onivo.ma\/wp-content\/uploads\/2025\/11\/Goodies-catalogue-768x439.png 768w, https:\/\/onivo.ma\/wp-content\/uploads\/2025\/11\/Goodies-catalogue-1536x878.png 1536w, https:\/\/onivo.ma\/wp-content\/uploads\/2025\/11\/Goodies-catalogue-2048x1170.png 2048w\" sizes=\"(max-width: 525px) 100vw, 525px\" \/>\t\t\t\t\t\t\t\t\t\t\t\t\t\t\t<\/div>\n\t\t\t\t\t<\/div>\n\t\t\t\t<\/div>\n\t\t\t\t<\/div>\n\t\t","protected":false},"excerpt":{"rendered":"<p>Goodies avec Onivo Personnalisez vos goodies Nous proposons une large gamme de goodies personnalisables pour valoriser votre marque, notamment des stylos, des cl\u00e9s USB, des mugs, des bouteilles m\u00e9talliques isothermes, des batteries externes, des chargeurs sans fil, des carnets, des tapis de souris, des porte-cl\u00e9s, des sacs fourre-tout, des parapluies, des bo\u00eetes \u00e0 d\u00e9jeuner, des [&hellip;]<\/p>\n","protected":false},"author":1,"featured_media":0,"parent":0,"menu_order":0,"comment_status":"closed","ping_status":"closed","template":"tpl-default-elementor.php","meta":{"footnotes":""},"class_list":["post-6989","page","type-page","status-publish","hentry"],"_links":{"self":[{"href":"https:\/\/onivo.ma\/fr\/wp-json\/wp\/v2\/pages\/6989","targetHints":{"allow":["GET"]}}],"collection":[{"href":"https:\/\/onivo.ma\/fr\/wp-json\/wp\/v2\/pages"}],"about":[{"href":"https:\/\/onivo.ma\/fr\/wp-json\/wp\/v2\/types\/page"}],"author":[{"embeddable":true,"href":"https:\/\/onivo.ma\/fr\/wp-json\/wp\/v2\/users\/1"}],"replies":[{"embeddable":true,"href":"https:\/\/onivo.ma\/fr\/wp-json\/wp\/v2\/comments?post=6989"}],"version-history":[{"count":0,"href":"https:\/\/onivo.ma\/fr\/wp-json\/wp\/v2\/pages\/6989\/revisions"}],"wp:attachment":[{"href":"https:\/\/onivo.ma\/fr\/wp-json\/wp\/v2\/media?parent=6989"}],"curies":[{"name":"wp","href":"https:\/\/api.w.org\/{rel}","templated":true}]}}