{"id":6934,"date":"2020-02-18T15:56:06","date_gmt":"2020-02-18T15:56:06","guid":{"rendered":"https:\/\/onivo.ma\/a-propos-de-nous\/"},"modified":"2026-01-05T13:14:52","modified_gmt":"2026-01-05T13:14:52","slug":"a-propos-de-nous","status":"publish","type":"page","link":"https:\/\/onivo.ma\/fr\/a-propos-de-nous\/","title":{"rendered":"\u00c0 propos de nous"},"content":{"rendered":"\t\t<div data-elementor-type=\"wp-page\" data-elementor-id=\"6934\" class=\"elementor elementor-6934 elementor-6012\" data-elementor-post-type=\"page\">\n\t\t\t\t\t\t<section class=\"elementor-section elementor-top-section elementor-element elementor-element-0d71c38 elementor-section-boxed elementor-section-height-default elementor-section-height-default\" data-id=\"0d71c38\" data-element_type=\"section\" data-e-type=\"section\">\n\t\t\t\t\t\t<div class=\"elementor-container elementor-column-gap-default\">\n\t\t\t\t\t<div class=\"elementor-column elementor-col-33 elementor-top-column elementor-element elementor-element-55f3f90\" data-id=\"55f3f90\" data-element_type=\"column\" data-e-type=\"column\">\n\t\t\t<div class=\"elementor-widget-wrap elementor-element-populated\">\n\t\t\t\t\t\t<div class=\"elementor-element elementor-element-ad39625 elementor-widget elementor-widget-printify_service_col2\" data-id=\"ad39625\" data-element_type=\"widget\" data-e-type=\"widget\" data-widget_type=\"printify_service_col2.default\">\n\t\t\t\t<div class=\"elementor-widget-container\">\n\t\t\t\t\t\n<div class=\"single-about\">\n\t<div class=\"img-box\">\n\t\t<img decoding=\"async\" src=\"http:\/\/z.commonsupport.com\/printify\/wp-content\/uploads\/2020\/02\/about-1-1.jpg\" alt=\"\">\n\t<\/div><!-- \/.img-box -->\n\t<div class=\"text-box hvr-bounce-to-bottom\">\n\t\t<a href=\"http:\/\/z.commonsupport.com\/printify\/\/service-details\/\"><h3>\u00c0 propos d'ONIVO<\/h3><\/a>\n\t\t<p>Situ\u00e9e \u00e0 l'Agdal, ONIVO accompagne ses clients depuis plus de huit ans dans les domaines de l\u2019impression petit, moyen et grand format. De la personnalisation de t-shirts et d\u2019objets promotionnels \u00e0 la r\u00e9alisation de banni\u00e8res, de signal\u00e9tique et d\u2019impressions sur textile, nous proposons des solutions compl\u00e8tes. Nous offrons \u00e9galement des services de design professionnels, incluant la pr\u00e9paration des fichiers pour validation ainsi que la visualisation 3D pour les projets de grande envergure. <\/p>\n\t\t<a href=\"http:\/\/z.commonsupport.com\/printify\/\/service-details\/\" class=\"read-more fas fa-angle-right\"><\/a>\n\t<\/div><!-- \/.text-box -->\n<\/div><!-- \/.single-about --> \n\t\t\t\t\t\t<\/div>\n\t\t\t\t<\/div>\n\t\t\t\t\t<\/div>\n\t\t<\/div>\n\t\t\t\t<div class=\"elementor-column elementor-col-33 elementor-top-column elementor-element elementor-element-7edafc4\" data-id=\"7edafc4\" data-element_type=\"column\" data-e-type=\"column\">\n\t\t\t<div class=\"elementor-widget-wrap elementor-element-populated\">\n\t\t\t\t\t\t<div class=\"elementor-element elementor-element-04f2bc5 elementor-widget elementor-widget-printify_service_col2\" data-id=\"04f2bc5\" data-element_type=\"widget\" data-e-type=\"widget\" data-widget_type=\"printify_service_col2.default\">\n\t\t\t\t<div class=\"elementor-widget-container\">\n\t\t\t\t\t\n<div class=\"single-about\">\n\t<div class=\"img-box\">\n\t\t<img decoding=\"async\" src=\"http:\/\/z.commonsupport.com\/printify\/wp-content\/uploads\/2020\/02\/about-1-2.jpg\" alt=\"\">\n\t<\/div><!-- \/.img-box -->\n\t<div class=\"text-box hvr-bounce-to-bottom\">\n\t\t<a href=\"http:\/\/z.commonsupport.com\/printify\/\/service-details\/\"><h3>Nos Promesses<\/h3><\/a>\n\t\t<p>Chez ONIVO, l\u2019impression est avant tout une mani\u00e8re de donner vie aux id\u00e9es. Nous allions cr\u00e9ativit\u00e9, expertise en design et pr\u00e9cision d\u2019impression pour offrir des r\u00e9alisations dont vous pouvez \u00eatre fier. De la pr\u00e9paration des fichiers \u00e0 une production irr\u00e9prochable, nous vous accompagnons \u00e0 chaque \u00e9tape. Gr\u00e2ce aux visualisations 3D, vous d\u00e9couvrez votre projet avant sa r\u00e9alisation. Qualit\u00e9 constante, respect des d\u00e9lais et accompagnement personnalis\u00e9 sont au c\u0153ur de notre engagement.<\/p>\n\t\t<a href=\"http:\/\/z.commonsupport.com\/printify\/\/service-details\/\" class=\"read-more fas fa-angle-right\"><\/a>\n\t<\/div><!-- \/.text-box -->\n<\/div><!-- \/.single-about --> \n\t\t\t\t\t\t<\/div>\n\t\t\t\t<\/div>\n\t\t\t\t\t<\/div>\n\t\t<\/div>\n\t\t\t\t<div class=\"elementor-column elementor-col-33 elementor-top-column elementor-element elementor-element-ffbff7a\" data-id=\"ffbff7a\" data-element_type=\"column\" data-e-type=\"column\">\n\t\t\t<div class=\"elementor-widget-wrap elementor-element-populated\">\n\t\t\t\t\t\t<div class=\"elementor-element elementor-element-fc3f0fc elementor-widget elementor-widget-printify_service_col2\" data-id=\"fc3f0fc\" data-element_type=\"widget\" data-e-type=\"widget\" data-widget_type=\"printify_service_col2.default\">\n\t\t\t\t<div class=\"elementor-widget-container\">\n\t\t\t\t\t\n<div class=\"single-about\">\n\t<div class=\"img-box\">\n\t\t<img decoding=\"async\" src=\"http:\/\/z.commonsupport.com\/printify\/wp-content\/uploads\/2020\/02\/about-1-3.jpg\" alt=\"\">\n\t<\/div><!-- \/.img-box -->\n\t<div class=\"text-box hvr-bounce-to-bottom\">\n\t\t<a href=\"http:\/\/z.commonsupport.com\/printify\/\/service-details\/\"><h3>Comment nous Travaillons<\/h3><\/a>\n\t\t<p>Chez ONIVO, nous simplifions l\u2019impression pour vous offrir une exp\u00e9rience fluide et sans stress. Partagez votre id\u00e9e \u2014 croquis, logo ou concept \u2014 et notre \u00e9quipe se charge de la pr\u00e9paration des fichiers pour validation. Pour les projets de plus grande envergure, nous proposons des aper\u00e7us en 3D afin de vous permettre de visualiser le rendu final \u00e0 l\u2019avance. Une fois valid\u00e9, nous assurons une impression de haute qualit\u00e9, tous formats confondus, avec une livraison ponctuelle et des r\u00e9sultats irr\u00e9prochables. <\/p>\n\t\t<a href=\"http:\/\/z.commonsupport.com\/printify\/\/service-details\/\" class=\"read-more fas fa-angle-right\"><\/a>\n\t<\/div><!-- \/.text-box -->\n<\/div><!-- \/.single-about --> \n\t\t\t\t\t\t<\/div>\n\t\t\t\t<\/div>\n\t\t\t\t\t<\/div>\n\t\t<\/div>\n\t\t\t\t\t<\/div>\n\t\t<\/section>\n\t\t\t\t<section class=\"elementor-section elementor-top-section elementor-element elementor-element-353a7f5b elementor-section-boxed elementor-section-height-default elementor-section-height-default\" data-id=\"353a7f5b\" data-element_type=\"section\" data-e-type=\"section\">\n\t\t\t\t\t\t<div class=\"elementor-container elementor-column-gap-no\">\n\t\t\t\t\t<div class=\"elementor-column elementor-col-50 elementor-top-column elementor-element elementor-element-276508bd\" data-id=\"276508bd\" data-element_type=\"column\" data-e-type=\"column\">\n\t\t\t<div class=\"elementor-widget-wrap elementor-element-populated\">\n\t\t\t\t\t\t<div class=\"elementor-element elementor-element-40090324 elementor-widget elementor-widget-printify_sersice_slide\" data-id=\"40090324\" data-element_type=\"widget\" data-e-type=\"widget\" data-widget_type=\"printify_sersice_slide.default\">\n\t\t\t\t<div class=\"elementor-widget-container\">\n\t\t\t\t\t\t\t\n\n\t <script>\n jQuery(document).ready(function($) {\n\n\/\/put the js code under this line \n\n    if ($(\".we-believe-carousel\").length) {\n        $(\".we-believe-carousel\").owlCarousel({\n            loop: true,\n            margin: 0,\n            nav: false,          \n            dots: true,\n            autoWidth: false,\n            autoplay: true,\n            autoplayTimeout: 3000,\n            autoplayHoverPause: true,\n            responsive: {\n                0: {\n                    items: 1\n                },\n                480: {\n                    items: 1\n                },\n                568: {\n                    items: 1\n                },\n                600: {\n                    items: 1\n                },\n                823: {\n                    items: 1\n                },\n                1000: {\n                    items: 1\n                }\n            }\n        });\n    }; \n\n\/\/put the code above the line \n\n  });\n<\/script>\n\t\t<div class=\"we-believe-carousel owl-carousel owl-theme\">\n\t\t\t\t\t\n\t\t\t\t<div class=\"item\">\n\t\t\t\t\t<div class=\"single-we-believe text-center\">\n\t\t\t\t\t\t<div class=\"img-box\">\n\t\t\t\t\t\t\t<img decoding=\"async\" src=\"http:\/\/z.commonsupport.com\/printify\/wp-content\/uploads\/2020\/02\/we-belive-in-1-1.jpg\" alt=\"We believe in the  power of great design\"\/>\n\t\t\t\t\t\t<\/div><!-- \/.img-box -->\n\t\t\t\t\t\t<div class=\"text-box\">\n\t\t\t\t\t\t\t<h3>We believe in the  power of great design<\/h3>\n\t\t\t\t\t\t\t<p>Design helps us stand out: from the clothes we wear, to the homes we live in, to the business cards we use. Design tells a story about  us and what we stand for.<\/p>\n\t\t\t\t\t\t\t<a href=\"https:\/\/onivo.ma\/design-service\/\" class=\"thm-btn yellow-bg\">Learn More<\/a>\n\t\t\t\t\t\t<\/div><!-- \/.text-box -->\n\t\t\t\t\t<\/div><!-- \/.single-we-believe -->\n\t\t\t\t<\/div><!-- \/.item -->\n\t\t\t \t\t\n\t\t\t\t<div class=\"item\">\n\t\t\t\t\t<div class=\"single-we-believe text-center\">\n\t\t\t\t\t\t<div class=\"img-box\">\n\t\t\t\t\t\t\t<img decoding=\"async\" src=\"http:\/\/z.commonsupport.com\/printify\/wp-content\/uploads\/2020\/02\/we-belive-in-1-2.jpg\" alt=\"We believe in the  power of great design\"\/>\n\t\t\t\t\t\t<\/div><!-- \/.img-box -->\n\t\t\t\t\t\t<div class=\"text-box\">\n\t\t\t\t\t\t\t<h3>We believe in the  power of great design<\/h3>\n\t\t\t\t\t\t\t<p>Design helps us stand out: from the clothes we wear, to the homes we live in, to the business cards we use. Design tells a story about  us and what we stand for.<\/p>\n\t\t\t\t\t\t\t<a href=\"https:\/\/onivo.ma\/design-service\/\" class=\"thm-btn yellow-bg\">Learn More<\/a>\n\t\t\t\t\t\t<\/div><!-- \/.text-box -->\n\t\t\t\t\t<\/div><!-- \/.single-we-believe -->\n\t\t\t\t<\/div><!-- \/.item -->\n\t\t\t              \n\t\t<\/div><!-- \/.we-believe-carousel -->  \n\t\n\t\t\t\t\t\t<\/div>\n\t\t\t\t<\/div>\n\t\t\t\t\t<\/div>\n\t\t<\/div>\n\t\t\t\t<div class=\"elementor-column elementor-col-50 elementor-top-column elementor-element elementor-element-284d675d\" data-id=\"284d675d\" data-element_type=\"column\" data-e-type=\"column\">\n\t\t\t<div class=\"elementor-widget-wrap elementor-element-populated\">\n\t\t\t\t\t\t<div class=\"elementor-element elementor-element-3f80e32e elementor-widget elementor-widget-printify_faq_block\" data-id=\"3f80e32e\" data-element_type=\"widget\" data-e-type=\"widget\" data-widget_type=\"printify_faq_block.default\">\n\t\t\t\t<div class=\"elementor-widget-container\">\n\t\t\t\t\t\t\t\n\t\t\n\n\t <script>\n jQuery(document).ready(function($) {\n\n\/\/put the js code under this line \n\nfunction accrodion () {\n    if ($(\".accrodion-grp\").length) {\n        var accrodionGrp = $(\".accrodion-grp\");\n        accrodionGrp.each(function () {\n            var accrodionName = $(this).data(\"grp-name\");\n            var Self = $(this);\n            var accordion = Self.find(\".accrodion\");\n            Self.addClass(accrodionName);\n            Self.find(\".accrodion .accrodion-content\").hide();\n            Self.find(\".accrodion.active\").find(\".accrodion-content\").show();\n            accordion.each(function() {\n                $(this).find(\".accrodion-title\").on(\"click\", function () {\n                    if ($(this).parent().hasClass(\"active\") === false ) {                   \n                        $(\".accrodion-grp.\"+accrodionName).find(\".accrodion\").removeClass(\"active\");\n                        $(\".accrodion-grp.\"+accrodionName).find(\".accrodion\").find(\".accrodion-content\").slideUp();\n                        $(this).parent().addClass(\"active\");                    \n                        $(this).parent().find(\".accrodion-content\").slideDown();        \n                    };\n                    \n\n                });\n            });\n        });\n        \n    };\n}\n\n\/\/put the code above the line \n\n  });\n<\/script>\t\t\n\t\t\n\t\t\n\t\t\n\t\t\n\t\t\n<div class=\"faq-content\">\n                    <div class=\"title\">\n                        <span>Questions et R\u00e9ponses<\/span>\n                        <h2>Questions Fr\u00e9quemment Pos\u00e9es<\/h2>\n                    <\/div><!-- \/.title -->\n                    <div class=\"accrodion-grp\" data-grp-name=\"faq-accrodion\">\n                       \n\t\t\t\t\t   <div class=\"accrodion \">\n                            <div class=\"accrodion-title\">\n                                <h4>Quels types d'impression proposez-vous?<\/h4>\n                            <\/div>\n                            <div class=\"accrodion-content\">\n                               <p>Nous proposons une large gamme de techniques d\u2019impression professionnelles adapt\u00e9es \u00e0 chaque type de projet. Cela comprend l\u2019impression num\u00e9rique pour des r\u00e9alisations rapides et flexibles, l\u2019impression offset pour les grandes s\u00e9ries offrant une qualit\u00e9 premium, l\u2019impression DTF pour les v\u00eatements et textiles, ainsi que l\u2019impression UV pour les goodies, objets promotionnels et supports sp\u00e9cifiques.<\/p>                            <\/div>\n                        <\/div>\n             \t\t\t\t\t   <div class=\"accrodion active\">\n                            <div class=\"accrodion-title\">\n                                <h4>Pouvez-vous m\u2019aider avec le design si je n\u2019ai pas de fichier pr\u00eat?<\/h4>\n                            <\/div>\n                            <div class=\"accrodion-content\">\n                               <p>Absolument. M\u00eame si vous ne disposez pas d\u2019un fichier pr\u00eat \u00e0 l\u2019impression, notre \u00e9quipe de design peut vous accompagner. \u00c0 partir de votre id\u00e9e, logo ou simple croquis, nous pr\u00e9parons les fichiers n\u00e9cessaires et vous les soumettons pour validation avant lancement en production..<\/p>                            <\/div>\n                        <\/div>\n             \t\t\t\t\t   <div class=\"accrodion \">\n                            <div class=\"accrodion-title\">\n                                <h4>Puis-je prendre rendez-vous en ligne avec un conseiller?<\/h4>\n                            <\/div>\n                            <div class=\"accrodion-content\">\n                               <p>Oui, absolument. Chez ONIVO, vous ne parlez pas seulement \u00e0 un conseiller \u2014 vous pouvez communiquer directement avec le designer en charge de votre projet, afin que votre vision soit parfaitement comprise et r\u00e9alis\u00e9e. Pour faciliter encore davantage le processus, nous proposons nos services en arabe, fran\u00e7ais et anglais, afin que vous puissiez travailler dans la langue qui vous convient le mieux.<\/p>                            <\/div>\n                        <\/div>\n             \t\t\t\t\t   <div class=\"accrodion \">\n                            <div class=\"accrodion-title\">\n                                <h4>Quel est le d\u00e9lai moyen de traitement d\u2019une commande?<\/h4>\n                            <\/div>\n                            <div class=\"accrodion-content\">\n                               <p>Le d\u00e9lai de r\u00e9alisation d\u00e9pend de la taille et de la complexit\u00e9 de votre projet, mais la plupart des commandes petites et moyennes sont pr\u00eates sous 24 heures. Les projets plus volumineux ou tr\u00e8s personnalis\u00e9s peuvent n\u00e9cessiter davantage de temps, mais nous nous engageons toujours \u00e0 respecter des d\u00e9lais clairs et une livraison ponctuelle.<\/p>                            <\/div>\n                        <\/div>\n                      \n                    <\/div>\n                <\/div><!-- \/.faq-content -->\t\t\n\t\t\t\t\t\t<\/div>\n\t\t\t\t<\/div>\n\t\t\t\t\t<\/div>\n\t\t<\/div>\n\t\t\t\t\t<\/div>\n\t\t<\/section>\n\t\t\t\t<\/div>\n\t\t","protected":false},"excerpt":{"rendered":"<p>\u00c0 propos d&rsquo;ONIVO Situ\u00e9e \u00e0 l&rsquo;Agdal, ONIVO accompagne ses clients depuis plus de huit ans dans les domaines de l\u2019impression petit, moyen et grand format. De la personnalisation de t-shirts et d\u2019objets promotionnels \u00e0 la r\u00e9alisation de banni\u00e8res, de signal\u00e9tique et d\u2019impressions sur textile, nous proposons des solutions compl\u00e8tes. Nous offrons \u00e9galement des services de [&hellip;]<\/p>\n","protected":false},"author":1,"featured_media":0,"parent":0,"menu_order":0,"comment_status":"closed","ping_status":"closed","template":"tpl-default-elementor.php","meta":{"footnotes":""},"class_list":["post-6934","page","type-page","status-publish","hentry"],"_links":{"self":[{"href":"https:\/\/onivo.ma\/fr\/wp-json\/wp\/v2\/pages\/6934","targetHints":{"allow":["GET"]}}],"collection":[{"href":"https:\/\/onivo.ma\/fr\/wp-json\/wp\/v2\/pages"}],"about":[{"href":"https:\/\/onivo.ma\/fr\/wp-json\/wp\/v2\/types\/page"}],"author":[{"embeddable":true,"href":"https:\/\/onivo.ma\/fr\/wp-json\/wp\/v2\/users\/1"}],"replies":[{"embeddable":true,"href":"https:\/\/onivo.ma\/fr\/wp-json\/wp\/v2\/comments?post=6934"}],"version-history":[{"count":0,"href":"https:\/\/onivo.ma\/fr\/wp-json\/wp\/v2\/pages\/6934\/revisions"}],"wp:attachment":[{"href":"https:\/\/onivo.ma\/fr\/wp-json\/wp\/v2\/media?parent=6934"}],"curies":[{"name":"wp","href":"https:\/\/api.w.org\/{rel}","templated":true}]}}